{"id":93,"date":"2025-06-03T15:07:18","date_gmt":"2025-06-03T13:07:18","guid":{"rendered":"https:\/\/immunodc.com\/cookie-szabalyzat\/"},"modified":"2025-06-03T15:07:18","modified_gmt":"2025-06-03T13:07:18","slug":"pravilnik-o-piskotkih","status":"publish","type":"page","link":"https:\/\/immunodc.com\/sl\/pravilnik-o-piskotkih\/","title":{"rendered":"Pravilnik o pi\u0161kotkih"},"content":{"rendered":"<p>Namen tega pravilnika o pi\u0161kotkih je pojasniti, kaj so pi\u0161kotki in pi\u0161kotkom podobne tehnologije, kako jih uporabljamo mi in drugi ponudniki storitev na tem spletnem mestu, katere informacije zbirajo, kako dolgo in za katere namene jih uporabljamo.<\/p><h2>Vsebina<\/h2><ul><li><a href=\"#controller-of-the-website\">Upravljavec podatkov spletnega mesta<\/a><\/li><li><a href=\"#diff-to-privacy-policy\">Dodatek k pravilniku o zasebnosti<\/a><\/li><li><a href=\"#cookie-technology\">Kaj so pi\u0161kotki in podobne tehnologije?<\/a><\/li><li><a href=\"#legal-basis\">Kak\u0161na je pravna podlaga za nastavitev\/branje pi\u0161kotkov?<\/a><\/li><li><a href=\"#rights-of-visitor\">Kak\u0161ne pravice ima obiskovalec spletnega mesta?<\/a><\/li><li><a href=\"#manage-cookies\">Kako lahko uredljam pi\u0161kotke v brskalniku?<\/a><\/li><li><a href=\"#types-of-cookies\">Katere vrste pi\u0161kotkov obstajajo?<\/a><\/li><li><a href=\"#cookies-origin\">Kdo lahko na tem spletnem mestu nastavi pi\u0161kotke?<\/a><\/li><li><a href=\"#list-of-services\">Katere pi\u0161kotke uporabljamo na tem spletnem mestu?<\/a><\/li><\/ul><h2 id=\"controller-of-the-website\">Upravljavec podatkov spletnega mesta<\/h2><ul><li><strong>Ponudnik: <\/strong>BOWTRADE s.r.o., Slovenija<\/li><li><strong>E-po\u0161ta: <\/strong><a target=\"_blank\" href=\"mailto:info@immunodc.com\">info@immunodc.com<\/a><\/li><li><strong>Telefon: <\/strong><a target=\"_blank\" href=\"tel:0918 744 983\">0918 744 983<\/a><\/li><li><strong>Kontaktni obrazec: <\/strong><a target=\"_blank\" href=\"https:\/\/immunodc.com\/sl\/celzott-immunvalasz-a-rak-ellen-szemelyre-szabottan\/\">immunodc.com\/sl\/celzott-immunvalasz-a-rak-ellen-szemelyre-szabottan\/<\/a><\/li><\/ul><h2 id=\"diff-to-privacy-policy\">Dodatek k pravilniku o zasebnosti<\/h2><p>Ta pravilnik o pi\u0161kotkih dopolnjuje pravilnik o zasebnosti {{{\/privacyPolicy}} tega spletnega mesta. Politika pi\u0161kotkov dolo\u010da, kako spletno mesto uporablja pi\u0161kotke in informacije, ki jih zbira z njimi, medtem ko politika zasebnosti zagotavlja celovitej\u0161i pregled vseh dejavnosti obdelave podatkov na spletnem mestu in zunaj njega.<\/p><h2 id=\"cookie-technology\">Kaj so pi\u0161kotki in podobne tehnologije?<\/h2><p>Pi\u0161kotki so majhni deli informacij, podobni besedilnim datotekam, ki jih je mogo\u010de shraniti in prebrati v napravi kon\u010dnega uporabnika. Uporabljajo se za razli\u010dne namene, vklju\u010dno z vzdr\u017eevanjem osnovne funkcionalnosti spletnega mesta, varnosti in zasebnosti, zagotavljanjem neobveznih funkcij spletnega mesta, zbiranjem statisti\u010dnih podatkov o prometu obiskovalcev in zagotavljanjem tr\u017eenjskih sistemov. Prakti\u010dni primeri, kaj se lahko shrani v pi\u0161kotke, so: shranjevanje statusa prijave v uporabni\u0161ke ra\u010dune, vsebine nakupovalnih vozi\u010dkov na platformi za e-trgovino ali uporabni\u0161kega ID za spremljanje vedenja na spletnem mestu.<br \/><br \/>Tehni\u010dno je mogo\u010de informacije shraniti na ve\u010d na\u010dinov. Najbolj znani primeri so pi\u0161kotki HTTP in pi\u0161kotkom podobne tehnologije, kot so lokalno shranjevanje, shranjevanje sej ali IndexedDB. Vsaka vrsta shranjevanja ima razli\u010dne zna\u010dilnosti, ki dolo\u010dajo tehni\u010dno ravnanje, dostopnost in upravljavce, ki lahko dostopajo do informacij. Vse te vrste shranjevanja se obi\u010dajno imenujejo z izrazom \"pi\u0161kotki\" in tako zato v tej politiki uporabe pi\u0161kotkov navedene kot take.<\/p><h2 id=\"legal-basis\">Kak\u0161na je pravna podlaga za nastavitev\/branje pi\u0161kotkov?<\/h2><p>V Evropski uniji (EU) in Evropskem gospodarskem prostoru (EGP) sta nastavitev in branje pi\u0161kotkov dovoljena le, \u010de je uporabnik dal soglasje na podlagi iz\u010drpnih informacij o namenih obdelave. Upravljavec spletnega mesta lahko nastavi pi\u0161kotke tudi, \u010de so nujno potrebni, da vam kot uporabniku zagotovi storitve, ki ste jih izrecno zahtevali, npr. bistvena vsebina spletnega mesta ali drugi pi\u0161kotki, ki so nujno potrebni za zagotavljanje bistvenih funkcij spletnega mesta, se vam lahko prika\u017eejo brez va\u0161e privolitve.<\/p><h2 id=\"rights-of-visitor\">Kak\u0161ne pravice ima obiskovalec spletnega mesta?<\/h2><p>Storitve in z njimi povezani pi\u0161kotki se lahko nastavijo in berejo na podlagi va\u0161ega soglasja ali zakonitega interesa. Ko ste prvi\u010d obiskali to spletno mesto, smo vas prosili za soglasje in imeli ste mo\u017enost ugovarjati uporabi nekaterih storitev. V pogovornem oknu za soglasje smo pojasnili, katere storitve temeljijo na kateri pravni podlagi.<br \/><br \/>Pravico imate, da kadar koli pregledate zgodovino svojih izbir, spremenite nastavitve zasebnosti, ugovarjate uporabi storitev in prekli\u010dete svoje soglasje. V nadaljevanju so navedeni na\u010dini uveljavljanja va\u0161ih pravic:<br \/><ul><li><a  href=\"#consent-change\" role=\"button\" id=\"rcb-sc-link-change\" data-success-message=\"\" class=\"rcb-sc-link rcb-sc-link-change\">Spremeni nastavitve zasebnosti<\/a><\/li><li><a  href=\"#consent-history\" role=\"button\" id=\"rcb-sc-link-history\" data-success-message=\"\" class=\"rcb-sc-link rcb-sc-link-history\">Zgodovina nastavitev zasebnosti<\/a><\/li><li><a  href=\"#consent-revoke\" role=\"button\" id=\"rcb-sc-link-revoke\" data-success-message=\"Uspe\u0161no ste preklicali soglasje za uporabo pi\u0161kotkov in storitev obdelave osebnih podatkov. Stran se bo zdaj ponovno nalo\u017eila!\" class=\"rcb-sc-link rcb-sc-link-revoke\">Preklic soglasij<\/a><\/li><\/ul><\/p><h2 id=\"manage-cookies\">Kako lahko uredljam pi\u0161kotke v brskalniku?<\/h2><p><ul><li><strong>Kako odstraniti pi\u0161kotke v brskalniku:<\/strong> \u010ce \u017eelite odstraniti pi\u0161kotke, lahko v nastavitvah brskalnika izbri\u0161ete podatke o brskanju iz svojih naprav. S tem dejanjem odstranite vse pi\u0161kotke iz vseh obiskanih spletnih mest, vklju\u010dno s shranjenimi prijavnimi podatki in nastavitvami spletnih mest. V nekaterih brskalnikih lahko izbri\u0161ete samo pi\u0161kotke in podobne podatke, ne da bi izbrisali celotno zgodovino brskanja.<\/li><li><strong>Kako nadzirati pi\u0161kotke v brskalniku:<\/strong> Za podrobnej\u0161e informacije o pi\u0161kotkih, ki so zna\u010dilni za posamezno spletno mesto, obi\u0161\u010dite nastavitve zasebnosti in pi\u0161kotkov v svojem brskalniku. Tu lahko nastavite svoje \u017eelje glede uporabe pi\u0161kotkov na posameznem spletnem mestu.<\/li><li><strong>Kako blokirati pi\u0161kotke v brskalniku:<\/strong> Ve\u010dina sodobnih brskalnikov ima v nastavitvah mo\u017enost, da blokira vse pi\u0161kotke v va\u0161i napravi. Vendar lahko blokiranje pi\u0161kotkovje povzro\u010di, da nekatere storitve in funkcije ne bodo delovale pravilno, na primer prijava kot uporabnik. Za \u0161tevilne brskalnike lahko uporabite tudi raz\u0161iritve, ki lahko blokirajo pi\u0161kotke, ki so name\u0161\u010deni na spletnih mestih.<\/li><li><strong>Kako upravljati pi\u0161kotke na tem spletnem mestu:<\/strong> Svoje nastavitve glede pi\u0161kotkov na tem spletnem mestu lahko kadar koli spremenite s klikom na povezavo v razdelku \"Pravice obiskovalcev spletnega mesta\".<\/li><\/li><\/ul><p>Za ve\u010d informacij o tem, kako urejamo pi\u0161kotke, si oglejte na\u0161 <a href=\"https:\/\/devowl.io\/rcb\/cookie-handling\/\" target=\"_blank\">devowl.io\/rcb\/cookie-handling\/<\/a> od.<\/p><\/p><h2 id=\"types-of-cookies\">Katere vrste pi\u0161kotkov obstajajo?<\/h2><p><ul><li><strong>Osnovni pi\u0161kotki<\/strong> so nujni za osnovno delovanje spletnega mesta in omogo\u010dajo funkcije, kot so shranjevanje prijavnih podatkov ali dostop do razli\u010dnih obmo\u010dij spletnega mesta. Sem spadajo na primer varnostni pi\u0161kotki, ki lahko s shranjevanjem avtentikacijskega klju\u010da v pi\u0161kotek prepoznajo ne\u017eelenega bota na spletnem mestu.<\/li><li><strong>Funkcionalni pi\u0161kotki<\/strong> izbolj\u0161anje uporabni\u0161ke izku\u0161nje s shranjevanjem informacij in nastavitev, kot so jezikovne nastavitve ali nastavitve prikaza spletnega mesta, za zagotavljanje prilagojene uporabni\u0161ke izku\u0161nje. To vklju\u010duje na primer pi\u0161kotke za nastavitve, ki shranjujejo kakovostno videoposnetka, ki ga uporabnik raje uporablja na spletnem mestu.<\/li><li><strong>Statisti\u010dni pi\u0161kotki<\/strong> zbiranje podatkov o uporabi spletnega mesta, da bi dobili vpogled v vedenje uporabnikov in optimizirali delovanje spletnega mesta. To na primer vklju\u010duje naklju\u010dno dodeljen ID uporabnika, ki omogo\u010da pripisati, ali ste obiskali podstran spletnega mesta.<\/li><li><strong>Pi\u0161kotki za tr\u017eenje<\/strong> se uporabljajo za sledenje vedenju uporabnikov na razli\u010dnih spletnih mestih in prikazovanje prilagojenega ogla\u0161evanja na podlagi interesov in brskalnih navad uporabnikov. To na primer vklju\u010duje ogla\u0161evalske pi\u0161kotke, ki shranjujejo interakcije z oglasi na spletnem mestu in jih posredujejo ogla\u0161evalcem, ali sistem klepeta za predprodajna vpra\u0161anja in storitve za stranke.<\/li><\/li><\/ul><\/p><h2 id=\"cookies-origin\">Kdo lahko na tem spletnem mestu nastavi pi\u0161kotke?<\/h2><p>Na tem spletnem mestu lahko upravljavec spletnega mesta in storitve tretjih oseb, ki se uporabljajo na tem spletnem mestu, nastavijo pi\u0161kotke in dostopajo do vsebine spletnega mesta. Kdo lahko dostopa do katerih pi\u0161kotkov in njihove vsebine, se razlikuje med pi\u0161kotki prve in tretje osebe. Prvoosebne pi\u0161kotke ustvari obiskano spletno mesto, preberejo pa jih lahko samo upravljavec spletnega mesta in storitve tretjih oseb, ki so vklju\u010dene na to spletno mesto. Pi\u0161kotke tretjih oseb obi\u010dajno nastavijo storitve tretjih oseb na drugih domenah, preberejo se lahko na katerem koli spletnem mestu, na katerem je vgrajena storitev, ki upravlja domeno, uporabljajo pa jih na primer ogla\u0161evalska omre\u017eja za sledenje vedenju uporabnikov na razli\u010dnih spletnih mestih in ponujanje prilagojenega ogla\u0161evanja.<\/p><h2 id=\"list-of-services\">Katere pi\u0161kotke uporabljamo na tem spletnem mestu?<\/h2><script type=\"application\/json\">{\"search\":{\"placeholder\":\"Iskanje...\"},\"sort\":{\"sortAsc\":\"Razvrstitev stolpca nara\\u0161\\u010dajo\\u010de\",\"sortDesc\":\"Razvrsti stolpec padajo\\u010de\"},\"pagination\":{\"previous\":\"Prej\\u0161nji\",\"next\":\"Naslednji\",\"navigate\":\"Stran %1$d od %2$d\",\"page\":\"Stran %d\",\"showing\":\"Prikaz\",\"of\":\"od\",\"to\":\"do\",\"results\":\"rezultati\"},\"noRecordsFound\":\"Ni najdenih ujemajo\\u010dih se zapisov\"}<\/script><table  class=\"devowl-wp-react-cookie-banner-cookie-policy\"><thead><tr><th width=\"200px\" scope=\"col\">Kategorija<\/th><th width=\"400px\" scope=\"col\">Ime tehni\u010dnega pi\u0161kotka<\/th><th width=\"400px\" scope=\"col\">Gostitelj tehni\u010dnega pi\u0161kotka<\/th><th width=\"400px\" scope=\"col\">Storitev<\/th><th width=\"250px\" scope=\"col\">Trajan<\/th><th width=\"200px\" scope=\"col\">Nasvet<\/th><th width=\"550px\" scope=\"col\">Imena<\/th><\/tr><\/thead><tbody><tr><td>Osnovni<\/td><td>real_cookie_banner*<\/td><td>.immunodc.com<\/td><td>Resni\u010dna pi\u0161kotek Banner<\/td><td>365 dni<\/td><td>Pi\u0161kotek HTTP<\/td><td>Edinstven identifikator za soglasje, ne pa tudi za obiskovalca spletnega mesta. Pregled hasha nastavitev za pi\u0161kotke (besedila, barve, funkcije, skupine funkcij, storitve, blokade vsebine itd.). Identifikatorji storitev in skupin storitev, vklju\u010denih v prispevek.<\/td><\/tr><tr><td>Osnovni<\/td><td>real_cookie_banner*-tcf<\/td><td>.immunodc.com<\/td><td>Resni\u010dna pi\u0161kotek Banner<\/td><td>365 dni<\/td><td>Pi\u0161kotek HTTP<\/td><td>Prispevki, zbrani v okviru TCF, shranjeni v obliki TC String, vklju\u010dno s ponudniki TCF, nameni, posebnimi nameni, funkcijami in posebnimi funkcijami.<\/td><\/tr><tr><td>Osnovni<\/td><td>real_cookie_banner*-gcm<\/td><td>.immunodc.com<\/td><td>Resni\u010dna pi\u0161kotek Banner<\/td><td>365 dni<\/td><td>Pi\u0161kotek HTTP<\/td><td>Prispevki, zbrani v okviru na\u010dina Google Consent Mode, po vrstah prispevkov (namenih), shranjenih za vse storitve, zdru\u017eljive z na\u010dinom Google Consent Mode.<\/td><\/tr><tr><td>Osnovni<\/td><td>real_cookie_banner_test<\/td><td>.immunodc.com<\/td><td>Resni\u010dna pi\u0161kotek Banner<\/td><td>365 dni<\/td><td>Pi\u0161kotek HTTP<\/td><td>Pi\u0161kotek, konfiguriran za testiranje delovanja pi\u0161kotkov HTTP. Izbri\u0161e se takoj po opravljenem preizkusu.<\/td><\/tr><tr><td>Osnovni<\/td><td>real_cookie_banner*<\/td><td><a href=\"https:\/\/immunodc.com\/sl\">https:\/\/immunodc.com<\/a><\/td><td>Resni\u010dna pi\u0161kotek Banner<\/td><td>-<\/td><td>Lokalno shranjevanje<\/td><td>Edinstven identifikator za soglasje, ne pa tudi za obiskovalca spletnega mesta. Pregled hasha nastavitev za pi\u0161kotke (besedila, barve, funkcije, skupine funkcij, storitve, blokade vsebine itd.). Identifikatorji storitev in skupin storitev, vklju\u010denih v prispevek. Hranjeno le, dokler soglasje ni dokumentirano v stre\u017eniku spletnega mesta.<\/td><\/tr><tr><td>Osnovni<\/td><td>real_cookie_banner*-tcf<\/td><td><a href=\"https:\/\/immunodc.com\/sl\">https:\/\/immunodc.com<\/a><\/td><td>Resni\u010dna pi\u0161kotek Banner<\/td><td>-<\/td><td>Lokalno shranjevanje<\/td><td>Prispevki, zbrani v okviru TCF, shranjeni v obliki TC String, vklju\u010dno s ponudniki TCF, nameni, posebnimi nameni, funkcijami in posebnimi funkcijami. Hranjeno le, dokler je prispevek dokumentiran na spletnem stre\u017eniku.<\/td><\/tr><tr><td>Osnovni<\/td><td>real_cookie_banner*-gcm<\/td><td><a href=\"https:\/\/immunodc.com\/sl\">https:\/\/immunodc.com<\/a><\/td><td>Resni\u010dna pi\u0161kotek Banner<\/td><td>-<\/td><td>Lokalno shranjevanje<\/td><td>Prispevki, zbrani v okviru na\u010dina Google Contribution Mode, so shranjeni v vrstah prispevkov (nameni) za vse storitve, zdru\u017eljive z na\u010dinom Google Contribution Mode. Shranjeni so le, dokler je soglasje dokumentirano v stre\u017eniku spletnega mesta.<\/td><\/tr><tr><td>Osnovni<\/td><td>real_cookie_banner-consent-queue*<\/td><td><a href=\"https:\/\/immunodc.com\/sl\">https:\/\/immunodc.com<\/a><\/td><td>Resni\u010dna pi\u0161kotek Banner<\/td><td>-<\/td><td>Lokalno shranjevanje<\/td><td>Lokalno predpomnjenje izbire v pasici pi\u0161kotka, dokler stre\u017enik ne dokumentira soglasja; dokumentiranje redno ali ob premestitvi strani, \u010de stre\u017enik ni na voljo ali je preobremenjen.<\/td><\/tr><\/tbody><\/table><p>Pravilnik o pi\u0161kotkih je bil nazadnje posodobljen 6. novembra 2025.<\/p>","protected":false},"excerpt":{"rendered":"","protected":false},"author":254324095,"featured_media":0,"parent":0,"menu_order":0,"comment_status":"closed","ping_status":"closed","template":"","meta":{"_angie_page":false,"_crdt_document":"","content-type":"","footnotes":""},"class_list":["post-93","page","type-page","status-publish","hentry"],"yoast_head":"<!-- This site is optimized with the Yoast SEO plugin v27.3 - https:\/\/yoast.com\/product\/yoast-seo-wordpress\/ -->\n<title>Cookie szab\u00e1lyzat -<\/title>\n<meta name=\"robots\" content=\"index, follow, max-snippet:-1, max-image-preview:large, max-video-preview:-1\" \/>\n<link rel=\"canonical\" href=\"https:\/\/immunodc.com\/sl\/pravilnik-o-piskotkih\/\" \/>\n<meta property=\"og:locale\" content=\"sl_SI\" \/>\n<meta property=\"og:type\" content=\"article\" \/>\n<meta property=\"og:title\" content=\"Cookie szab\u00e1lyzat -\" \/>\n<meta property=\"og:url\" content=\"https:\/\/immunodc.com\/sl\/pravilnik-o-piskotkih\/\" \/>\n<meta property=\"og:image\" content=\"https:\/\/immunodc.com\/wp-content\/uploads\/2025\/06\/WhatsApp-Image-2025-06-03-at-13.38.24.webp\" \/>\n\t<meta property=\"og:image:width\" content=\"1024\" \/>\n\t<meta property=\"og:image:height\" content=\"1024\" \/>\n\t<meta property=\"og:image:type\" content=\"image\/webp\" \/>\n<meta name=\"twitter:card\" content=\"summary_large_image\" \/>\n<script type=\"application\/ld+json\" class=\"yoast-schema-graph\">{\"@context\":\"https:\\\/\\\/schema.org\",\"@graph\":[{\"@type\":\"WebPage\",\"@id\":\"https:\\\/\\\/immunodc.com\\\/cookie-szabalyzat\\\/\",\"url\":\"https:\\\/\\\/immunodc.com\\\/cookie-szabalyzat\\\/\",\"name\":\"Cookie szab\u00e1lyzat -\",\"isPartOf\":{\"@id\":\"https:\\\/\\\/immunodc.com\\\/#website\"},\"datePublished\":\"2025-06-03T13:07:18+00:00\",\"breadcrumb\":{\"@id\":\"https:\\\/\\\/immunodc.com\\\/cookie-szabalyzat\\\/#breadcrumb\"},\"inLanguage\":\"sl-SI\",\"potentialAction\":[{\"@type\":\"ReadAction\",\"target\":[\"https:\\\/\\\/immunodc.com\\\/cookie-szabalyzat\\\/\"]}]},{\"@type\":\"BreadcrumbList\",\"@id\":\"https:\\\/\\\/immunodc.com\\\/cookie-szabalyzat\\\/#breadcrumb\",\"itemListElement\":[{\"@type\":\"ListItem\",\"position\":1,\"name\":\"Kezd\u0151lap\",\"item\":\"https:\\\/\\\/immunodc.com\\\/\"},{\"@type\":\"ListItem\",\"position\":2,\"name\":\"Cookie szab\u00e1lyzat\"}]},{\"@type\":\"WebSite\",\"@id\":\"https:\\\/\\\/immunodc.com\\\/#website\",\"url\":\"https:\\\/\\\/immunodc.com\\\/\",\"name\":\"\",\"description\":\"Az ImmunoDC megb\u00edzhat\u00f3 partnere az innovat\u00edv daganatkezel\u00e9sekhez vezet\u0151 \u00faton.\",\"potentialAction\":[{\"@type\":\"SearchAction\",\"target\":{\"@type\":\"EntryPoint\",\"urlTemplate\":\"https:\\\/\\\/immunodc.com\\\/?s={search_term_string}\"},\"query-input\":{\"@type\":\"PropertyValueSpecification\",\"valueRequired\":true,\"valueName\":\"search_term_string\"}}],\"inLanguage\":\"sl-SI\"}]}<\/script>\n<!-- \/ Yoast SEO plugin. -->","yoast_head_json":{"title":"Cookie szab\u00e1lyzat -","robots":{"index":"index","follow":"follow","max-snippet":"max-snippet:-1","max-image-preview":"max-image-preview:large","max-video-preview":"max-video-preview:-1"},"canonical":"https:\/\/immunodc.com\/sl\/pravilnik-o-piskotkih\/","og_locale":"sl_SI","og_type":"article","og_title":"Cookie szab\u00e1lyzat -","og_url":"https:\/\/immunodc.com\/sl\/pravilnik-o-piskotkih\/","og_image":[{"width":1024,"height":1024,"url":"https:\/\/immunodc.com\/wp-content\/uploads\/2025\/06\/WhatsApp-Image-2025-06-03-at-13.38.24.webp","type":"image\/webp"}],"twitter_card":"summary_large_image","schema":{"@context":"https:\/\/schema.org","@graph":[{"@type":"WebPage","@id":"https:\/\/immunodc.com\/cookie-szabalyzat\/","url":"https:\/\/immunodc.com\/cookie-szabalyzat\/","name":"Cookie szab\u00e1lyzat -","isPartOf":{"@id":"https:\/\/immunodc.com\/#website"},"datePublished":"2025-06-03T13:07:18+00:00","breadcrumb":{"@id":"https:\/\/immunodc.com\/cookie-szabalyzat\/#breadcrumb"},"inLanguage":"sl-SI","potentialAction":[{"@type":"ReadAction","target":["https:\/\/immunodc.com\/cookie-szabalyzat\/"]}]},{"@type":"BreadcrumbList","@id":"https:\/\/immunodc.com\/cookie-szabalyzat\/#breadcrumb","itemListElement":[{"@type":"ListItem","position":1,"name":"Kezd\u0151lap","item":"https:\/\/immunodc.com\/"},{"@type":"ListItem","position":2,"name":"Cookie szab\u00e1lyzat"}]},{"@type":"WebSite","@id":"https:\/\/immunodc.com\/#website","url":"https:\/\/immunodc.com\/","name":"","description":"ImmunoDC je va\u0161 zaupanja vreden partner na poti do inovativnega zdravljenja raka.","potentialAction":[{"@type":"SearchAction","target":{"@type":"EntryPoint","urlTemplate":"https:\/\/immunodc.com\/?s={search_term_string}"},"query-input":{"@type":"PropertyValueSpecification","valueRequired":true,"valueName":"search_term_string"}}],"inLanguage":"sl-SI"}]}},"jetpack_sharing_enabled":true,"jetpack_shortlink":"https:\/\/wp.me\/PgAFcX-1v","jetpack-related-posts":[],"_links":{"self":[{"href":"https:\/\/immunodc.com\/sl\/wp-json\/wp\/v2\/pages\/93","targetHints":{"allow":["GET"]}}],"collection":[{"href":"https:\/\/immunodc.com\/sl\/wp-json\/wp\/v2\/pages"}],"about":[{"href":"https:\/\/immunodc.com\/sl\/wp-json\/wp\/v2\/types\/page"}],"author":[{"embeddable":true,"href":"https:\/\/immunodc.com\/sl\/wp-json\/wp\/v2\/users\/254324095"}],"replies":[{"embeddable":true,"href":"https:\/\/immunodc.com\/sl\/wp-json\/wp\/v2\/comments?post=93"}],"version-history":[{"count":0,"href":"https:\/\/immunodc.com\/sl\/wp-json\/wp\/v2\/pages\/93\/revisions"}],"wp:attachment":[{"href":"https:\/\/immunodc.com\/sl\/wp-json\/wp\/v2\/media?parent=93"}],"curies":[{"name":"wp","href":"https:\/\/api.w.org\/{rel}","templated":true}]}}