{"id":7,"date":"2025-06-18T19:53:27","date_gmt":"2025-06-18T17:53:27","guid":{"rendered":"https:\/\/immunodc.com\/?page_id=7"},"modified":"2025-11-07T14:14:54","modified_gmt":"2025-11-07T13:14:54","slug":"cap-de-catarg","status":"publish","type":"page","link":"https:\/\/immunodc.com\/ro\/cap-de-catarg\/","title":{"rendered":"cap de catarg"},"content":{"rendered":"<div data-elementor-type=\"wp-post\" data-elementor-id=\"7\" class=\"elementor elementor-7\" data-elementor-post-type=\"page\">\n\t\t\t\t<div class=\"elementor-element elementor-element-7d6d23d e-flex e-con-boxed e-con e-parent\" data-id=\"7d6d23d\" data-element_type=\"container\" data-e-type=\"container\" data-settings=\"{&quot;background_background&quot;:&quot;classic&quot;}\">\n\t\t\t\t\t<div class=\"e-con-inner\">\n\t\t\t\t<div class=\"elementor-element elementor-element-0580d89 elementor-widget elementor-widget-heading\" data-id=\"0580d89\" data-element_type=\"widget\" data-e-type=\"widget\" data-widget_type=\"heading.default\">\n\t\t\t\t<div class=\"elementor-widget-container\">\n\t\t\t\t\t<h2 class=\"elementor-heading-title elementor-size-default\">Notificare juridic\u0103 \/ Disclaimer<\/h2>\t\t\t\t<\/div>\n\t\t\t\t<\/div>\n\t\t\t\t<div class=\"elementor-element elementor-element-68f0be1 elementor-widget elementor-widget-text-editor\" data-id=\"68f0be1\" data-element_type=\"widget\" data-e-type=\"widget\" data-widget_type=\"text-editor.default\">\n\t\t\t\t<div class=\"elementor-widget-container\">\n\t\t\t\t\t\t\t\t\t<p style=\"text-align: center;\"><strong>Operatorul site-ului: <\/strong>BOWTRADE s.r.o.<\/p><p>Nume complet: <strong>BOWTRADE s.r.o.<\/strong><br \/>Scaun: <strong>Ru\u017eov\u00fd h\u00e1j 937 <\/strong><strong>Dunajsk\u00e1 Streda 929 01<\/strong> <br \/>Num\u0103rul de identificare fiscal\u0103: <strong>SK2122 433181<\/strong><br \/>Num\u0103rul de \u00eenregistrare al societ\u0103\u021bii: <strong>56 792 191<\/strong> <br \/>Anul \u00eenfiin\u021b\u0103rii: <strong>2025<\/strong><br \/>Activitate principal\u0103: <strong>Servicii administrative \u0219i de gestionare a afacerilor<\/strong><\/p><p><br \/>Persoan\u0103 autorizat\u0103 s\u0103 reprezinte: <strong>G\u00e1bor Kazsim\u00e9r \u00a0<\/strong><br \/>Titlu: <strong>Ru\u017eov\u00fd h\u00e1j 937 <\/strong><strong>Dunajsk\u00e1 Streda 929 0<\/strong><\/p><p>Contact:<br \/>E-mail: <strong>info@immunodc.com<\/strong><br \/>Telefon: <strong>0918 744 983<\/strong><br \/>Website: <strong><a href=\"https:\/\/immunodc.com\/ro\">https:\/\/immunodc.com<\/a><\/strong><\/p><p><strong>Responsabilitatea pentru con\u021binut<\/strong><br \/>Con\u021binutul acestui site este verificat cu aten\u021bie \u0219i actualizat constant. Informa\u021biile de pe acest site au doar scop informativ \u0219i nu constituie consultan\u021b\u0103 medical\u0103 sau juridic\u0103. BOWTRADE s.r.o. nu este responsabil\u0103 pentru eventualele erori tipografice, inexactit\u0103\u021bi sau interpret\u0103ri gre\u0219ite ale con\u021binutului.<\/p><p><strong>Leg\u0103turi externe<\/strong><br \/>Site-ul nostru poate con\u021bine linkuri c\u0103tre alte site-uri operate de ter\u021bi. Nu accept\u0103m nicio responsabilitate pentru con\u021binutul acestor site-uri. \u00cen toate cazurile, operatorul site-urilor legate este responsabil pentru con\u021binutul acestor site-uri.<\/p><p><strong>Drepturi de autor<\/strong><br \/>Textele, imaginile, grafica, logo-urile, documentele de pe acest site sunt proprietatea intelectual\u0103 a BOWTRADE s.r.o. \u0219i sunt protejate prin drepturi de autor. Copierea, reproducerea sau utilizarea con\u021binutului \u00een orice form\u0103 este posibil\u0103 numai cu permisiunea scris\u0103 a autorului. Este permis\u0103 utilizarea privat\u0103, necomercial\u0103 a con\u021binutului.<\/p><p><strong>Platform\u0103 online de solu\u021bionare a litigiilor<\/strong><br \/>Comisia European\u0103 pune la dispozi\u021bie o platform\u0103 online de solu\u021bionare a litigiilor, care poate fi accesat\u0103 prin intermediul urm\u0103torului link:<br \/><a href=\"https:\/\/ec.europa.eu\/consumers\/odr\" rel=\"nofollow\">https:\/\/ec.europa.eu\/consumers\/odr<\/a><br \/>Adresa noastr\u0103 de e-mail este men\u021bionat\u0103 \u00een detaliile de contact de mai sus.<\/p><p><strong>Solu\u021bionarea litigiilor \u00een materie de consum<\/strong><br \/>BOWTRADE s.r.o. nu particip\u0103 la proceduri alternative de solu\u021bionare a litigiilor de consum \u0219i nu este obligat\u0103 s\u0103 fac\u0103 acest lucru.<\/p>\t\t\t\t\t\t\t\t<\/div>\n\t\t\t\t<\/div>\n\t\t\t\t\t<\/div>\n\t\t\t\t<\/div>\n\t\t\t\t<\/div>","protected":false},"excerpt":{"rendered":"<p>Impresszum \/ Jogi nyilatkozat A weboldal \u00fczemeltet\u0151je: BOWTRADE s.r.o. Teljes n\u00e9v: BOWTRADE s.r.o.Sz\u00e9khely: Ru\u017eov\u00fd h\u00e1j 937 Dunajsk\u00e1 Streda 929 01 Ad\u00f3sz\u00e1m: SK2122 433181C\u00e9gjegyz\u00e9ksz\u00e1m: 56 792 191 Alap\u00edt\u00e1s \u00e9ve: 2025F\u0151tev\u00e9kenys\u00e9g: Adminisztrat\u00edv \u00e9s gazdas\u00e1gi szervez\u00e9si szolg\u00e1ltat\u00e1sok K\u00e9pviseletre jogosult szem\u00e9ly: G\u00e1bor Kazsim\u00e9r \u00a0C\u00edm: Ru\u017eov\u00fd h\u00e1j 937 Dunajsk\u00e1 Streda 929 0 Kapcsolat:E-mail: <a href=\"mailto:info@immunodc.comTelefon\">info@immunodc.comTelefon<\/a>: 0918 744 983Weboldal: <a href=\"https:\/\/immunodc.com\">https:\/\/immunodc.com<\/a> Felel\u0151ss\u00e9g a [&hellip;]<\/p>\n","protected":false},"author":254324096,"featured_media":0,"parent":0,"menu_order":0,"comment_status":"closed","ping_status":"closed","template":"page-templates\/template-pagebuilder-full-width.php","meta":{"footnotes":""},"class_list":["post-7","page","type-page","status-publish","hentry"],"_links":{"self":[{"href":"https:\/\/immunodc.com\/ro\/wp-json\/wp\/v2\/pages\/7","targetHints":{"allow":["GET"]}}],"collection":[{"href":"https:\/\/immunodc.com\/ro\/wp-json\/wp\/v2\/pages"}],"about":[{"href":"https:\/\/immunodc.com\/ro\/wp-json\/wp\/v2\/types\/page"}],"author":[{"embeddable":true,"href":"https:\/\/immunodc.com\/ro\/wp-json\/wp\/v2\/users\/254324096"}],"replies":[{"embeddable":true,"href":"https:\/\/immunodc.com\/ro\/wp-json\/wp\/v2\/comments?post=7"}],"version-history":[{"count":44,"href":"https:\/\/immunodc.com\/ro\/wp-json\/wp\/v2\/pages\/7\/revisions"}],"predecessor-version":[{"id":919,"href":"https:\/\/immunodc.com\/ro\/wp-json\/wp\/v2\/pages\/7\/revisions\/919"}],"wp:attachment":[{"href":"https:\/\/immunodc.com\/ro\/wp-json\/wp\/v2\/media?parent=7"}],"curies":[{"name":"wp","href":"https:\/\/api.w.org\/{rel}","templated":true}]}}