{"id":387,"date":"2025-06-17T19:17:38","date_gmt":"2025-06-17T17:17:38","guid":{"rendered":"https:\/\/immunodc.com\/?page_id=387"},"modified":"2026-03-22T20:39:27","modified_gmt":"2026-03-22T19:39:27","slug":"informatii-privind-gestionarea-datelor","status":"publish","type":"page","link":"https:\/\/immunodc.com\/ro\/informatii-privind-gestionarea-datelor\/","title":{"rendered":"Notificare privind confiden\u021bialitatea"},"content":{"rendered":"<div data-elementor-type=\"wp-page\" data-elementor-id=\"387\" class=\"elementor elementor-387\" data-elementor-post-type=\"page\">\n\t\t\t\t<div class=\"elementor-element elementor-element-3f88463 e-flex e-con-boxed e-con e-parent\" data-id=\"3f88463\" data-element_type=\"container\" data-e-type=\"container\">\n\t\t\t\t\t<div class=\"e-con-inner\">\n\t\t\t\t<div class=\"elementor-element elementor-element-5c300f8 elementor-widget elementor-widget-spacer\" data-id=\"5c300f8\" data-element_type=\"widget\" data-e-type=\"widget\" data-widget_type=\"spacer.default\">\n\t\t\t\t<div class=\"elementor-widget-container\">\n\t\t\t\t\t\t\t<div class=\"elementor-spacer\">\n\t\t\t<div class=\"elementor-spacer-inner\"><\/div>\n\t\t<\/div>\n\t\t\t\t\t\t<\/div>\n\t\t\t\t<\/div>\n\t\t\t\t<div class=\"elementor-element elementor-element-c1b70c3 elementor-widget elementor-widget-heading\" data-id=\"c1b70c3\" data-element_type=\"widget\" data-e-type=\"widget\" data-widget_type=\"heading.default\">\n\t\t\t\t<div class=\"elementor-widget-container\">\n\t\t\t\t\t<h2 class=\"elementor-heading-title elementor-size-default\">Informa\u021bii privind protec\u021bia datelor\n\n<\/h2>\t\t\t\t<\/div>\n\t\t\t\t<\/div>\n\t\t\t\t<div class=\"elementor-element elementor-element-d088e80 elementor-widget elementor-widget-spacer\" data-id=\"d088e80\" data-element_type=\"widget\" data-e-type=\"widget\" data-widget_type=\"spacer.default\">\n\t\t\t\t<div class=\"elementor-widget-container\">\n\t\t\t\t\t\t\t<div class=\"elementor-spacer\">\n\t\t\t<div class=\"elementor-spacer-inner\"><\/div>\n\t\t<\/div>\n\t\t\t\t\t\t<\/div>\n\t\t\t\t<\/div>\n\t\t\t\t<div class=\"elementor-element elementor-element-7e0ac09 elementor-widget elementor-widget-text-editor\" data-id=\"7e0ac09\" data-element_type=\"widget\" data-e-type=\"widget\" data-widget_type=\"text-editor.default\">\n\t\t\t\t<div class=\"elementor-widget-container\">\n\t\t\t\t\t\t\t\t\t<p><strong>Aceast\u0103 notificare privind confiden\u021bialitatea v\u0103 ofer\u0103 o prezentare general\u0103 a datelor cu caracter personal pe care le colect\u0103m atunci c\u00e2nd vizita\u021bi acest site web, a scopurilor \u00een care le prelucr\u0103m \u0219i a drepturilor dumneavoastr\u0103 \u00een leg\u0103tur\u0103 cu acestea.<\/strong><\/p><h5><strong><br \/>1. Prezentare general\u0103 a gestion\u0103rii datelor<\/strong><\/h5><p><strong>Cine este operatorul de date?<\/strong><\/p><p>A weboldalon t\u00f6rt\u00e9n\u0151 adatkezel\u00e9s\u00e9rt a BOWTRADE s.r.o. felel. Az el\u00e9rhet\u0151s\u00e9geket l\u00e1sd az &#8222;Impresszum&#8221; men\u00fcpont alatt.<\/p><p><strong>Cum sunt colectate datele?<\/strong><\/p><p>Pe de o parte, ne furniza\u021bi date (de exemplu, prin intermediul unui formular de contact), iar pe de alt\u0103 parte, sistemul \u00eenregistreaz\u0103 automat informa\u021bii tehnice despre vizita dvs. pe site (de exemplu, browser, sistem de operare, ora vizitei).<\/p><p><strong>Pentru ce folosim datele?<\/strong><\/p><p>Unele dintre date sunt utilizate pentru a asigura buna func\u021bionare a site-ului, \u00een timp ce altele sunt utilizate \u00een scopuri statistice \u0219i analitice.<\/p><p><strong>Ce drepturi ave\u021bi?<\/strong><\/p><p>\u00cen orice moment, ave\u021bi dreptul de a solicita informa\u021bii cu privire la datele cu caracter personal prelucrate \u0219i de a solicita rectificarea sau \u0219tergerea acestora. Ave\u021bi dreptul de a v\u0103 opune prelucr\u0103rii \u0219i de a depune o pl\u00e2ngere la NAIH.<\/p><hr \/><h5><strong>2. G\u0103zduire (Hosting)<\/strong><\/h5><p>Site-ul nostru func\u021bioneaz\u0103 pe serverele unui furnizor extern de servicii (gazd\u0103), unde sunt stocate toate datele (de exemplu, adresa IP, datele de conectare etc.). Gazda prelucreaz\u0103 aceste date exclusiv pe baza instruc\u021biunilor noastre \u0219i \u00een conformitate cu reglement\u0103rile.<\/p><hr \/><h5><strong>3. Informa\u021bii generale privind protec\u021bia datelor<\/strong><\/h5><p>Operatorul acord\u0103 cea mai mare importan\u021b\u0103 protec\u021biei datelor dumneavoastr\u0103 cu caracter personal \u0219i le trateaz\u0103 confiden\u021bial \u0219i \u00een conformitate cu legisla\u021bia aplicabil\u0103.<\/p><p>V\u0103 rug\u0103m s\u0103 re\u021bine\u021bi c\u0103 transmiterea datelor prin internet (de exemplu, prin e-mail) poate implica riscuri de securitate \u0219i c\u0103 accesul ter\u021bilor nu poate fi exclus complet.<\/p><p><strong>Numele \u0219i datele de contact ale operatorului de date:<\/strong><\/p><p><strong>BOWTRADE s.r.o.<\/strong><br \/>Ru\u017eov\u00fd h\u00e1j 937 Dunajsk\u00e1 Streda 929 0<br \/><em>E-mail: <strong>info@immunodc.com<\/strong><\/em><br \/><em>Telefon: <strong>0918 744 983<\/strong><\/em><\/p><hr \/><h5><strong>4. Prelucrarea datelor cu caracter personal<\/strong><\/h5><p><strong>Formular de contact<\/strong><\/p><p>Dac\u0103 ne contacta\u021bi, informa\u021biile pe care le furniza\u021bi \u00een acest formular vor fi utilizate numai pentru a r\u0103spunde la \u00eentreb\u0103rile pe care le pune\u021bi \u0219i pentru a men\u021bine comunicarea. Acestea nu vor fi transmise unor ter\u021be p\u0103r\u021bi.<\/p><p><strong>E-mail, solicit\u0103ri telefonice<\/strong><\/p><p>Dac\u0103 ne contacta\u021bi prin e-mail, telefon sau fax, mesajul dvs. \u0219i tot con\u021binutul acestuia, precum \u0219i datele cu caracter personal vor fi utilizate exclusiv \u00een scopul prelucr\u0103rii cererii dvs. Aceste date nu vor fi transmise mai departe.<\/p><p><strong>Fursecuri (fursecuri)<\/strong><\/p><p>Acest site utilizeaz\u0103 module cookie pentru optimizarea func\u021bionalit\u0103\u021bii sale. Aceste module cookie pot fi strict necesare pentru func\u021bionarea site-ului sau \u00een scopuri statistice \u0219i analitice. Pentru mai multe informa\u021bii privind utilizarea modulelor cookie, v\u0103 rug\u0103m s\u0103 consulta\u021bi urm\u0103toarele sec\u021biuni ale Politicii de confiden\u021bialitate.<\/p><p><strong>\u00cencorporeaz\u0103 videoclipuri YouTube<\/strong><\/p><p>Videoclipurile YouTube pot fi \u00eencorporate pe site, ceea ce poate implica o conexiune la serverele Google Ireland Limited. Dac\u0103 sunte\u021bi conectat la contul dvs. YouTube, YouTube va putea asocia vizita dvs. cu profilul dvs. personal. Aceast\u0103 leg\u0103tur\u0103 poate fi evitat\u0103 prin deconectare.<\/p><p><strong>Dreptul de a depune pl\u00e2ngere<\/strong><\/p><p>Dac\u0103 lua\u021bi cuno\u0219tin\u021b\u0103 de o \u00eenc\u0103lcare a prelucr\u0103rii datelor dumneavoastr\u0103 cu caracter personal, pute\u021bi depune o pl\u00e2ngere la Autoritatea Na\u021bional\u0103 pentru Protec\u021bia Datelor \u0219i Libertatea de Informare (ANPI).<\/p><p>Pentru mai multe detalii despre prelucrarea ulterioar\u0103 a datelor dvs. pe site-ul nostru \u0219i drepturile dvs., v\u0103 rug\u0103m s\u0103 citi\u021bi integral Politica noastr\u0103 de confiden\u021bialitate.<\/p>\t\t\t\t\t\t\t\t<\/div>\n\t\t\t\t<\/div>\n\t\t\t\t\t<\/div>\n\t\t\t\t<\/div>\n\t\t\t\t<\/div>","protected":false},"excerpt":{"rendered":"<p>Adatv\u00e9delmi t\u00e1j\u00e9koztat\u00f3 Ez az adatv\u00e9delmi t\u00e1j\u00e9koztat\u00f3 \u00e1ttekint\u00e9st ad arr\u00f3l, milyen szem\u00e9lyes adatokat gy\u0171jt\u00fcnk a weboldal l\u00e1togat\u00e1sa sor\u00e1n, milyen c\u00e9llal dolgozzuk fel \u0151ket, \u00e9s milyen jogok illetik meg \u00d6nt az adatokkal kapcsolatban. 1. Az adatkezel\u00e9s \u00e1ttekint\u00e9se Ki az adatkezel\u0151? A weboldalon t\u00f6rt\u00e9n\u0151 adatkezel\u00e9s\u00e9rt a BOWTRADE s.r.o. felel. Az el\u00e9rhet\u0151s\u00e9geket l\u00e1sd az &#8222;Impresszum&#8221; men\u00fcpont alatt. Hogyan t\u00f6rt\u00e9nik [&hellip;]<\/p>\n","protected":false},"author":254324096,"featured_media":0,"parent":0,"menu_order":0,"comment_status":"closed","ping_status":"closed","template":"","meta":{"_angie_page":false,"_crdt_document":"","content-type":"","footnotes":""},"class_list":["post-387","page","type-page","status-publish","hentry"],"yoast_head":"<!-- This site is optimized with the Yoast SEO plugin v27.4 - https:\/\/yoast.com\/product\/yoast-seo-wordpress\/ -->\n<title>Adatkezel\u00e9si t\u00e1j\u00e9koztat\u00f3 -<\/title>\n<meta name=\"robots\" content=\"index, follow, max-snippet:-1, max-image-preview:large, max-video-preview:-1\" \/>\n<link rel=\"canonical\" href=\"https:\/\/immunodc.com\/ro\/informatii-privind-gestionarea-datelor\/\" \/>\n<meta property=\"og:locale\" content=\"ro_RO\" \/>\n<meta property=\"og:type\" content=\"article\" \/>\n<meta property=\"og:title\" content=\"Adatkezel\u00e9si t\u00e1j\u00e9koztat\u00f3 -\" \/>\n<meta property=\"og:description\" content=\"Adatv\u00e9delmi t\u00e1j\u00e9koztat\u00f3 Ez az adatv\u00e9delmi t\u00e1j\u00e9koztat\u00f3 \u00e1ttekint\u00e9st ad arr\u00f3l, milyen szem\u00e9lyes adatokat gy\u0171jt\u00fcnk a weboldal l\u00e1togat\u00e1sa sor\u00e1n, milyen c\u00e9llal dolgozzuk fel \u0151ket, \u00e9s milyen jogok illetik meg \u00d6nt az adatokkal kapcsolatban. 1. Az adatkezel\u00e9s \u00e1ttekint\u00e9se Ki az adatkezel\u0151? A weboldalon t\u00f6rt\u00e9n\u0151 adatkezel\u00e9s\u00e9rt a BOWTRADE s.r.o. felel. Az el\u00e9rhet\u0151s\u00e9geket l\u00e1sd az &#8222;Impresszum&#8221; men\u00fcpont alatt. Hogyan t\u00f6rt\u00e9nik [&hellip;]\" \/>\n<meta property=\"og:url\" content=\"https:\/\/immunodc.com\/ro\/informatii-privind-gestionarea-datelor\/\" \/>\n<meta property=\"article:modified_time\" content=\"2026-03-22T19:39:27+00:00\" \/>\n<meta property=\"og:image\" content=\"https:\/\/immunodc.com\/wp-content\/uploads\/2025\/06\/WhatsApp-Image-2025-06-03-at-13.38.24.webp\" \/>\n\t<meta property=\"og:image:width\" content=\"1024\" \/>\n\t<meta property=\"og:image:height\" content=\"1024\" \/>\n\t<meta property=\"og:image:type\" content=\"image\/webp\" \/>\n<meta name=\"twitter:card\" content=\"summary_large_image\" \/>\n<meta name=\"twitter:label1\" content=\"Timp estimat pentru citire\" \/>\n\t<meta name=\"twitter:data1\" content=\"3 minute\" \/>\n<script type=\"application\/ld+json\" class=\"yoast-schema-graph\">{\"@context\":\"https:\\\/\\\/schema.org\",\"@graph\":[{\"@type\":\"WebPage\",\"@id\":\"https:\\\/\\\/immunodc.com\\\/adatkezelesi-tajekoztato\\\/\",\"url\":\"https:\\\/\\\/immunodc.com\\\/adatkezelesi-tajekoztato\\\/\",\"name\":\"Adatkezel\u00e9si t\u00e1j\u00e9koztat\u00f3 -\",\"isPartOf\":{\"@id\":\"https:\\\/\\\/immunodc.com\\\/#website\"},\"datePublished\":\"2025-06-17T17:17:38+00:00\",\"dateModified\":\"2026-03-22T19:39:27+00:00\",\"breadcrumb\":{\"@id\":\"https:\\\/\\\/immunodc.com\\\/adatkezelesi-tajekoztato\\\/#breadcrumb\"},\"inLanguage\":\"ro-RO\",\"potentialAction\":[{\"@type\":\"ReadAction\",\"target\":[\"https:\\\/\\\/immunodc.com\\\/adatkezelesi-tajekoztato\\\/\"]}]},{\"@type\":\"BreadcrumbList\",\"@id\":\"https:\\\/\\\/immunodc.com\\\/adatkezelesi-tajekoztato\\\/#breadcrumb\",\"itemListElement\":[{\"@type\":\"ListItem\",\"position\":1,\"name\":\"Kezd\u0151lap\",\"item\":\"https:\\\/\\\/immunodc.com\\\/\"},{\"@type\":\"ListItem\",\"position\":2,\"name\":\"Adatkezel\u00e9si t\u00e1j\u00e9koztat\u00f3\"}]},{\"@type\":\"WebSite\",\"@id\":\"https:\\\/\\\/immunodc.com\\\/#website\",\"url\":\"https:\\\/\\\/immunodc.com\\\/\",\"name\":\"\",\"description\":\"Az ImmunoDC megb\u00edzhat\u00f3 partnere az innovat\u00edv daganatkezel\u00e9sekhez vezet\u0151 \u00faton.\",\"potentialAction\":[{\"@type\":\"SearchAction\",\"target\":{\"@type\":\"EntryPoint\",\"urlTemplate\":\"https:\\\/\\\/immunodc.com\\\/?s={search_term_string}\"},\"query-input\":{\"@type\":\"PropertyValueSpecification\",\"valueRequired\":true,\"valueName\":\"search_term_string\"}}],\"inLanguage\":\"ro-RO\"}]}<\/script>\n<!-- \/ Yoast SEO plugin. -->","yoast_head_json":{"title":"Adatkezel\u00e9si t\u00e1j\u00e9koztat\u00f3 -","robots":{"index":"index","follow":"follow","max-snippet":"max-snippet:-1","max-image-preview":"max-image-preview:large","max-video-preview":"max-video-preview:-1"},"canonical":"https:\/\/immunodc.com\/ro\/informatii-privind-gestionarea-datelor\/","og_locale":"ro_RO","og_type":"article","og_title":"Adatkezel\u00e9si t\u00e1j\u00e9koztat\u00f3 -","og_description":"Adatv\u00e9delmi t\u00e1j\u00e9koztat\u00f3 Ez az adatv\u00e9delmi t\u00e1j\u00e9koztat\u00f3 \u00e1ttekint\u00e9st ad arr\u00f3l, milyen szem\u00e9lyes adatokat gy\u0171jt\u00fcnk a weboldal l\u00e1togat\u00e1sa sor\u00e1n, milyen c\u00e9llal dolgozzuk fel \u0151ket, \u00e9s milyen jogok illetik meg \u00d6nt az adatokkal kapcsolatban. 1. Az adatkezel\u00e9s \u00e1ttekint\u00e9se Ki az adatkezel\u0151? A weboldalon t\u00f6rt\u00e9n\u0151 adatkezel\u00e9s\u00e9rt a BOWTRADE s.r.o. felel. Az el\u00e9rhet\u0151s\u00e9geket l\u00e1sd az &#8222;Impresszum&#8221; men\u00fcpont alatt. Hogyan t\u00f6rt\u00e9nik [&hellip;]","og_url":"https:\/\/immunodc.com\/ro\/informatii-privind-gestionarea-datelor\/","article_modified_time":"2026-03-22T19:39:27+00:00","og_image":[{"width":1024,"height":1024,"url":"https:\/\/immunodc.com\/wp-content\/uploads\/2025\/06\/WhatsApp-Image-2025-06-03-at-13.38.24.webp","type":"image\/webp"}],"twitter_card":"summary_large_image","twitter_misc":{"Timp estimat pentru citire":"3 minute"},"schema":{"@context":"https:\/\/schema.org","@graph":[{"@type":"WebPage","@id":"https:\/\/immunodc.com\/adatkezelesi-tajekoztato\/","url":"https:\/\/immunodc.com\/adatkezelesi-tajekoztato\/","name":"Adatkezel\u00e9si t\u00e1j\u00e9koztat\u00f3 -","isPartOf":{"@id":"https:\/\/immunodc.com\/#website"},"datePublished":"2025-06-17T17:17:38+00:00","dateModified":"2026-03-22T19:39:27+00:00","breadcrumb":{"@id":"https:\/\/immunodc.com\/adatkezelesi-tajekoztato\/#breadcrumb"},"inLanguage":"ro-RO","potentialAction":[{"@type":"ReadAction","target":["https:\/\/immunodc.com\/adatkezelesi-tajekoztato\/"]}]},{"@type":"BreadcrumbList","@id":"https:\/\/immunodc.com\/adatkezelesi-tajekoztato\/#breadcrumb","itemListElement":[{"@type":"ListItem","position":1,"name":"Kezd\u0151lap","item":"https:\/\/immunodc.com\/"},{"@type":"ListItem","position":2,"name":"Adatkezel\u00e9si t\u00e1j\u00e9koztat\u00f3"}]},{"@type":"WebSite","@id":"https:\/\/immunodc.com\/#website","url":"https:\/\/immunodc.com\/","name":"","description":"ImmunoDC este partenerul dumneavoastr\u0103 de \u00eencredere pe drumul c\u0103tre tratamente inovatoare \u00eempotriva cancerului.","potentialAction":[{"@type":"SearchAction","target":{"@type":"EntryPoint","urlTemplate":"https:\/\/immunodc.com\/?s={search_term_string}"},"query-input":{"@type":"PropertyValueSpecification","valueRequired":true,"valueName":"search_term_string"}}],"inLanguage":"ro-RO"}]}},"_links":{"self":[{"href":"https:\/\/immunodc.com\/ro\/wp-json\/wp\/v2\/pages\/387","targetHints":{"allow":["GET"]}}],"collection":[{"href":"https:\/\/immunodc.com\/ro\/wp-json\/wp\/v2\/pages"}],"about":[{"href":"https:\/\/immunodc.com\/ro\/wp-json\/wp\/v2\/types\/page"}],"author":[{"embeddable":true,"href":"https:\/\/immunodc.com\/ro\/wp-json\/wp\/v2\/users\/254324096"}],"replies":[{"embeddable":true,"href":"https:\/\/immunodc.com\/ro\/wp-json\/wp\/v2\/comments?post=387"}],"version-history":[{"count":53,"href":"https:\/\/immunodc.com\/ro\/wp-json\/wp\/v2\/pages\/387\/revisions"}],"predecessor-version":[{"id":1411,"href":"https:\/\/immunodc.com\/ro\/wp-json\/wp\/v2\/pages\/387\/revisions\/1411"}],"wp:attachment":[{"href":"https:\/\/immunodc.com\/ro\/wp-json\/wp\/v2\/media?parent=387"}],"curies":[{"name":"wp","href":"https:\/\/api.w.org\/{rel}","templated":true}]}}