{"id":7,"date":"2025-06-18T19:53:27","date_gmt":"2025-06-18T17:53:27","guid":{"rendered":"https:\/\/immunodc.com\/?page_id=7"},"modified":"2025-11-07T14:14:54","modified_gmt":"2025-11-07T13:14:54","slug":"naglowek","status":"publish","type":"page","link":"https:\/\/immunodc.com\/pl\/naglowek\/","title":{"rendered":"nag\u0142\u00f3wek"},"content":{"rendered":"<div data-elementor-type=\"wp-post\" data-elementor-id=\"7\" class=\"elementor elementor-7\" data-elementor-post-type=\"page\">\n\t\t\t\t<div class=\"elementor-element elementor-element-7d6d23d e-flex e-con-boxed e-con e-parent\" data-id=\"7d6d23d\" data-element_type=\"container\" data-e-type=\"container\" data-settings=\"{&quot;background_background&quot;:&quot;classic&quot;}\">\n\t\t\t\t\t<div class=\"e-con-inner\">\n\t\t\t\t<div class=\"elementor-element elementor-element-0580d89 elementor-widget elementor-widget-heading\" data-id=\"0580d89\" data-element_type=\"widget\" data-e-type=\"widget\" data-widget_type=\"heading.default\">\n\t\t\t\t<div class=\"elementor-widget-container\">\n\t\t\t\t\t<h2 class=\"elementor-heading-title elementor-size-default\">Nota prawna \/ Wy\u0142\u0105czenie odpowiedzialno\u015bci<\/h2>\t\t\t\t<\/div>\n\t\t\t\t<\/div>\n\t\t\t\t<div class=\"elementor-element elementor-element-68f0be1 elementor-widget elementor-widget-text-editor\" data-id=\"68f0be1\" data-element_type=\"widget\" data-e-type=\"widget\" data-widget_type=\"text-editor.default\">\n\t\t\t\t<div class=\"elementor-widget-container\">\n\t\t\t\t\t\t\t\t\t<p style=\"text-align: center;\"><strong>Operator strony internetowej: <\/strong>BOWTRADE s.r.o.<\/p><p>Pe\u0142na nazwa: <strong>BOWTRADE s.r.o.<\/strong><br \/>Siedzenie: <strong>Ru\u017eov\u00fd h\u00e1j 937 <\/strong><strong>Dunajsk\u00e1 Streda 929 01<\/strong> <br \/>Numer podatkowy: <strong>SK2122 433181<\/strong><br \/>Numer rejestracyjny firmy: <strong>56 792 191<\/strong> <br \/>Rok za\u0142o\u017cenia: <strong>2025<\/strong><br \/>G\u0142\u00f3wna dzia\u0142alno\u015b\u0107: <strong>Us\u0142ugi administracyjne i zarz\u0105dzania przedsi\u0119biorstwem<\/strong><\/p><p><br \/>Osoba upowa\u017cniona do reprezentowania: <strong>G\u00e1bor Kazsim\u00e9r \u00a0<\/strong><br \/>Tytu\u0142: <strong>Ru\u017eov\u00fd h\u00e1j 937 <\/strong><strong>Dunajsk\u00e1 Streda 929 0<\/strong><\/p><p>Kontakt:<br \/>E-mail: <strong>info@immunodc.com<\/strong><br \/>Telefon: <strong>0918 744 983<\/strong><br \/>Strona internetowa: <strong><a href=\"https:\/\/immunodc.com\/pl\">https:\/\/immunodc.com<\/a><\/strong><\/p><p><strong>Odpowiedzialno\u015b\u0107 za tre\u015b\u0107<\/strong><br \/>Zawarto\u015b\u0107 tej witryny jest starannie sprawdzana i stale aktualizowana. Informacje na tej stronie s\u0142u\u017c\u0105 wy\u0142\u0105cznie celom informacyjnym i nie stanowi\u0105 porady medycznej ani prawnej. BOWTRADE s.r.o. nie ponosi odpowiedzialno\u015bci za jakiekolwiek b\u0142\u0119dy typograficzne, nie\u015bcis\u0142o\u015bci lub b\u0142\u0119dn\u0105 interpretacj\u0119 tre\u015bci.<\/p><p><strong>Linki zewn\u0119trzne<\/strong><br \/>Nasza witryna internetowa mo\u017ce zawiera\u0107 \u0142\u0105cza do innych witryn obs\u0142ugiwanych przez osoby trzecie. Nie ponosimy odpowiedzialno\u015bci za tre\u015b\u0107 tych witryn. We wszystkich przypadkach operator stron, do kt\u00f3rych prowadz\u0105 \u0142\u0105cza, jest odpowiedzialny za tre\u015b\u0107 tych stron.<\/p><p><strong>Prawa autorskie<\/strong><br \/>Teksty, obrazy, grafiki, logo, dokumenty na tej stronie s\u0105 w\u0142asno\u015bci\u0105 intelektualn\u0105 BOWTRADE s.r.o. i s\u0105 chronione prawem autorskim. Kopiowanie, powielanie lub wykorzystywanie tre\u015bci w jakiejkolwiek formie jest mo\u017cliwe tylko za pisemn\u0105 zgod\u0105 autora. Prywatne, niekomercyjne wykorzystanie tre\u015bci jest dozwolone.<\/p><p><strong>Internetowa platforma rozstrzygania spor\u00f3w<\/strong><br \/>Komisja Europejska zapewnia internetow\u0105 platform\u0119 rozstrzygania spor\u00f3w, do kt\u00f3rej mo\u017cna uzyska\u0107 dost\u0119p za po\u015brednictwem poni\u017cszego \u0142\u0105cza:<br \/><a href=\"https:\/\/ec.europa.eu\/consumers\/odr\" rel=\"nofollow\">https:\/\/ec.europa.eu\/consumers\/odr<\/a><br \/>Nasz adres e-mail jest podany w danych kontaktowych powy\u017cej.<\/p><p><strong>Rozstrzyganie spor\u00f3w konsumenckich<\/strong><br \/>BOWTRADE s.r.o. nie uczestniczy w alternatywnych procedurach rozstrzygania spor\u00f3w konsumenckich i nie jest do tego zobowi\u0105zana.<\/p>\t\t\t\t\t\t\t\t<\/div>\n\t\t\t\t<\/div>\n\t\t\t\t\t<\/div>\n\t\t\t\t<\/div>\n\t\t\t\t<\/div>","protected":false},"excerpt":{"rendered":"<p>Impresszum \/ Jogi nyilatkozat A weboldal \u00fczemeltet\u0151je: BOWTRADE s.r.o. Teljes n\u00e9v: BOWTRADE s.r.o.Sz\u00e9khely: Ru\u017eov\u00fd h\u00e1j 937 Dunajsk\u00e1 Streda 929 01 Ad\u00f3sz\u00e1m: SK2122 433181C\u00e9gjegyz\u00e9ksz\u00e1m: 56 792 191 Alap\u00edt\u00e1s \u00e9ve: 2025F\u0151tev\u00e9kenys\u00e9g: Adminisztrat\u00edv \u00e9s gazdas\u00e1gi szervez\u00e9si szolg\u00e1ltat\u00e1sok K\u00e9pviseletre jogosult szem\u00e9ly: G\u00e1bor Kazsim\u00e9r \u00a0C\u00edm: Ru\u017eov\u00fd h\u00e1j 937 Dunajsk\u00e1 Streda 929 0 Kapcsolat:E-mail: <a href=\"mailto:info@immunodc.comTelefon\">info@immunodc.comTelefon<\/a>: 0918 744 983Weboldal: <a href=\"https:\/\/immunodc.com\">https:\/\/immunodc.com<\/a> Felel\u0151ss\u00e9g a [&hellip;]<\/p>\n","protected":false},"author":254324096,"featured_media":0,"parent":0,"menu_order":0,"comment_status":"closed","ping_status":"closed","template":"page-templates\/template-pagebuilder-full-width.php","meta":{"_angie_page":false,"_crdt_document":"","content-type":"","footnotes":""},"class_list":["post-7","page","type-page","status-publish","hentry"],"yoast_head":"<!-- This site is optimized with the Yoast SEO plugin v27.4 - https:\/\/yoast.com\/product\/yoast-seo-wordpress\/ -->\n<title>Impresszum -<\/title>\n<meta name=\"robots\" content=\"index, follow, max-snippet:-1, max-image-preview:large, max-video-preview:-1\" \/>\n<link rel=\"canonical\" href=\"https:\/\/immunodc.com\/pl\/naglowek\/\" \/>\n<meta property=\"og:locale\" content=\"pl_PL\" \/>\n<meta property=\"og:type\" content=\"article\" \/>\n<meta property=\"og:title\" content=\"Impresszum -\" \/>\n<meta property=\"og:description\" content=\"Impresszum \/ Jogi nyilatkozat A weboldal \u00fczemeltet\u0151je: BOWTRADE s.r.o. Teljes n\u00e9v: BOWTRADE s.r.o.Sz\u00e9khely: Ru\u017eov\u00fd h\u00e1j 937 Dunajsk\u00e1 Streda 929 01 Ad\u00f3sz\u00e1m: SK2122 433181C\u00e9gjegyz\u00e9ksz\u00e1m: 56 792 191 Alap\u00edt\u00e1s \u00e9ve: 2025F\u0151tev\u00e9kenys\u00e9g: Adminisztrat\u00edv \u00e9s gazdas\u00e1gi szervez\u00e9si szolg\u00e1ltat\u00e1sok K\u00e9pviseletre jogosult szem\u00e9ly: G\u00e1bor Kazsim\u00e9r \u00a0C\u00edm: Ru\u017eov\u00fd h\u00e1j 937 Dunajsk\u00e1 Streda 929 0 Kapcsolat:E-mail: info@immunodc.comTelefon: 0918 744 983Weboldal: https:\/\/immunodc.com Felel\u0151ss\u00e9g a [&hellip;]\" \/>\n<meta property=\"og:url\" content=\"https:\/\/immunodc.com\/pl\/naglowek\/\" \/>\n<meta property=\"article:modified_time\" content=\"2025-11-07T13:14:54+00:00\" \/>\n<meta property=\"og:image\" content=\"https:\/\/immunodc.com\/wp-content\/uploads\/2025\/06\/WhatsApp-Image-2025-06-03-at-13.38.24.webp\" \/>\n\t<meta property=\"og:image:width\" content=\"1024\" \/>\n\t<meta property=\"og:image:height\" content=\"1024\" \/>\n\t<meta property=\"og:image:type\" content=\"image\/webp\" \/>\n<meta name=\"twitter:card\" content=\"summary_large_image\" \/>\n<meta name=\"twitter:label1\" content=\"Szacowany czas czytania\" \/>\n\t<meta name=\"twitter:data1\" content=\"2 minuty\" \/>\n<script type=\"application\/ld+json\" class=\"yoast-schema-graph\">{\"@context\":\"https:\\\/\\\/schema.org\",\"@graph\":[{\"@type\":\"WebPage\",\"@id\":\"https:\\\/\\\/immunodc.com\\\/impresszum\\\/\",\"url\":\"https:\\\/\\\/immunodc.com\\\/impresszum\\\/\",\"name\":\"Impresszum -\",\"isPartOf\":{\"@id\":\"https:\\\/\\\/immunodc.com\\\/#website\"},\"datePublished\":\"2025-06-18T17:53:27+00:00\",\"dateModified\":\"2025-11-07T13:14:54+00:00\",\"breadcrumb\":{\"@id\":\"https:\\\/\\\/immunodc.com\\\/impresszum\\\/#breadcrumb\"},\"inLanguage\":\"pl-PL\",\"potentialAction\":[{\"@type\":\"ReadAction\",\"target\":[\"https:\\\/\\\/immunodc.com\\\/impresszum\\\/\"]}]},{\"@type\":\"BreadcrumbList\",\"@id\":\"https:\\\/\\\/immunodc.com\\\/impresszum\\\/#breadcrumb\",\"itemListElement\":[{\"@type\":\"ListItem\",\"position\":1,\"name\":\"Kezd\u0151lap\",\"item\":\"https:\\\/\\\/immunodc.com\\\/\"},{\"@type\":\"ListItem\",\"position\":2,\"name\":\"Impresszum\"}]},{\"@type\":\"WebSite\",\"@id\":\"https:\\\/\\\/immunodc.com\\\/#website\",\"url\":\"https:\\\/\\\/immunodc.com\\\/\",\"name\":\"\",\"description\":\"Az ImmunoDC megb\u00edzhat\u00f3 partnere az innovat\u00edv daganatkezel\u00e9sekhez vezet\u0151 \u00faton.\",\"potentialAction\":[{\"@type\":\"SearchAction\",\"target\":{\"@type\":\"EntryPoint\",\"urlTemplate\":\"https:\\\/\\\/immunodc.com\\\/?s={search_term_string}\"},\"query-input\":{\"@type\":\"PropertyValueSpecification\",\"valueRequired\":true,\"valueName\":\"search_term_string\"}}],\"inLanguage\":\"pl-PL\"}]}<\/script>\n<!-- \/ Yoast SEO plugin. -->","yoast_head_json":{"title":"Impresszum -","robots":{"index":"index","follow":"follow","max-snippet":"max-snippet:-1","max-image-preview":"max-image-preview:large","max-video-preview":"max-video-preview:-1"},"canonical":"https:\/\/immunodc.com\/pl\/naglowek\/","og_locale":"pl_PL","og_type":"article","og_title":"Impresszum -","og_description":"Impresszum \/ Jogi nyilatkozat A weboldal \u00fczemeltet\u0151je: BOWTRADE s.r.o. Teljes n\u00e9v: BOWTRADE s.r.o.Sz\u00e9khely: Ru\u017eov\u00fd h\u00e1j 937 Dunajsk\u00e1 Streda 929 01 Ad\u00f3sz\u00e1m: SK2122 433181C\u00e9gjegyz\u00e9ksz\u00e1m: 56 792 191 Alap\u00edt\u00e1s \u00e9ve: 2025F\u0151tev\u00e9kenys\u00e9g: Adminisztrat\u00edv \u00e9s gazdas\u00e1gi szervez\u00e9si szolg\u00e1ltat\u00e1sok K\u00e9pviseletre jogosult szem\u00e9ly: G\u00e1bor Kazsim\u00e9r \u00a0C\u00edm: Ru\u017eov\u00fd h\u00e1j 937 Dunajsk\u00e1 Streda 929 0 Kapcsolat:E-mail: info@immunodc.comTelefon: 0918 744 983Weboldal: https:\/\/immunodc.com Felel\u0151ss\u00e9g a [&hellip;]","og_url":"https:\/\/immunodc.com\/pl\/naglowek\/","article_modified_time":"2025-11-07T13:14:54+00:00","og_image":[{"width":1024,"height":1024,"url":"https:\/\/immunodc.com\/wp-content\/uploads\/2025\/06\/WhatsApp-Image-2025-06-03-at-13.38.24.webp","type":"image\/webp"}],"twitter_card":"summary_large_image","twitter_misc":{"Szacowany czas czytania":"2 minuty"},"schema":{"@context":"https:\/\/schema.org","@graph":[{"@type":"WebPage","@id":"https:\/\/immunodc.com\/impresszum\/","url":"https:\/\/immunodc.com\/impresszum\/","name":"Impresszum -","isPartOf":{"@id":"https:\/\/immunodc.com\/#website"},"datePublished":"2025-06-18T17:53:27+00:00","dateModified":"2025-11-07T13:14:54+00:00","breadcrumb":{"@id":"https:\/\/immunodc.com\/impresszum\/#breadcrumb"},"inLanguage":"pl-PL","potentialAction":[{"@type":"ReadAction","target":["https:\/\/immunodc.com\/impresszum\/"]}]},{"@type":"BreadcrumbList","@id":"https:\/\/immunodc.com\/impresszum\/#breadcrumb","itemListElement":[{"@type":"ListItem","position":1,"name":"Kezd\u0151lap","item":"https:\/\/immunodc.com\/"},{"@type":"ListItem","position":2,"name":"Impresszum"}]},{"@type":"WebSite","@id":"https:\/\/immunodc.com\/#website","url":"https:\/\/immunodc.com\/","name":"","description":"ImmunoDC to zaufany partner na drodze do innowacyjnych metod leczenia raka.","potentialAction":[{"@type":"SearchAction","target":{"@type":"EntryPoint","urlTemplate":"https:\/\/immunodc.com\/?s={search_term_string}"},"query-input":{"@type":"PropertyValueSpecification","valueRequired":true,"valueName":"search_term_string"}}],"inLanguage":"pl-PL"}]}},"_links":{"self":[{"href":"https:\/\/immunodc.com\/pl\/wp-json\/wp\/v2\/pages\/7","targetHints":{"allow":["GET"]}}],"collection":[{"href":"https:\/\/immunodc.com\/pl\/wp-json\/wp\/v2\/pages"}],"about":[{"href":"https:\/\/immunodc.com\/pl\/wp-json\/wp\/v2\/types\/page"}],"author":[{"embeddable":true,"href":"https:\/\/immunodc.com\/pl\/wp-json\/wp\/v2\/users\/254324096"}],"replies":[{"embeddable":true,"href":"https:\/\/immunodc.com\/pl\/wp-json\/wp\/v2\/comments?post=7"}],"version-history":[{"count":44,"href":"https:\/\/immunodc.com\/pl\/wp-json\/wp\/v2\/pages\/7\/revisions"}],"predecessor-version":[{"id":919,"href":"https:\/\/immunodc.com\/pl\/wp-json\/wp\/v2\/pages\/7\/revisions\/919"}],"wp:attachment":[{"href":"https:\/\/immunodc.com\/pl\/wp-json\/wp\/v2\/media?parent=7"}],"curies":[{"name":"wp","href":"https:\/\/api.w.org\/{rel}","templated":true}]}}