{"id":387,"date":"2025-06-17T19:17:38","date_gmt":"2025-06-17T17:17:38","guid":{"rendered":"https:\/\/immunodc.com\/?page_id=387"},"modified":"2026-03-22T20:39:27","modified_gmt":"2026-03-22T19:39:27","slug":"informacje-o-zarzadzaniu-danymi","status":"publish","type":"page","link":"https:\/\/immunodc.com\/pl\/informacje-o-zarzadzaniu-danymi\/","title":{"rendered":"Informacja o ochronie prywatno\u015bci"},"content":{"rendered":"<div data-elementor-type=\"wp-page\" data-elementor-id=\"387\" class=\"elementor elementor-387\" data-elementor-post-type=\"page\">\n\t\t\t\t<div class=\"elementor-element elementor-element-3f88463 e-flex e-con-boxed e-con e-parent\" data-id=\"3f88463\" data-element_type=\"container\" data-e-type=\"container\">\n\t\t\t\t\t<div class=\"e-con-inner\">\n\t\t\t\t<div class=\"elementor-element elementor-element-5c300f8 elementor-widget elementor-widget-spacer\" data-id=\"5c300f8\" data-element_type=\"widget\" data-e-type=\"widget\" data-widget_type=\"spacer.default\">\n\t\t\t\t<div class=\"elementor-widget-container\">\n\t\t\t\t\t\t\t<div class=\"elementor-spacer\">\n\t\t\t<div class=\"elementor-spacer-inner\"><\/div>\n\t\t<\/div>\n\t\t\t\t\t\t<\/div>\n\t\t\t\t<\/div>\n\t\t\t\t<div class=\"elementor-element elementor-element-c1b70c3 elementor-widget elementor-widget-heading\" data-id=\"c1b70c3\" data-element_type=\"widget\" data-e-type=\"widget\" data-widget_type=\"heading.default\">\n\t\t\t\t<div class=\"elementor-widget-container\">\n\t\t\t\t\t<h2 class=\"elementor-heading-title elementor-size-default\">Informacje o ochronie danych\n\n<\/h2>\t\t\t\t<\/div>\n\t\t\t\t<\/div>\n\t\t\t\t<div class=\"elementor-element elementor-element-d088e80 elementor-widget elementor-widget-spacer\" data-id=\"d088e80\" data-element_type=\"widget\" data-e-type=\"widget\" data-widget_type=\"spacer.default\">\n\t\t\t\t<div class=\"elementor-widget-container\">\n\t\t\t\t\t\t\t<div class=\"elementor-spacer\">\n\t\t\t<div class=\"elementor-spacer-inner\"><\/div>\n\t\t<\/div>\n\t\t\t\t\t\t<\/div>\n\t\t\t\t<\/div>\n\t\t\t\t<div class=\"elementor-element elementor-element-7e0ac09 elementor-widget elementor-widget-text-editor\" data-id=\"7e0ac09\" data-element_type=\"widget\" data-e-type=\"widget\" data-widget_type=\"text-editor.default\">\n\t\t\t\t<div class=\"elementor-widget-container\">\n\t\t\t\t\t\t\t\t\t<p><strong>Niniejsza informacja o ochronie prywatno\u015bci zawiera przegl\u0105d tego, jakie dane osobowe gromadzimy, gdy u\u017cytkownik odwiedza t\u0119 witryn\u0119 internetow\u0105, w jakich celach je przetwarzamy oraz jakie prawa przys\u0142uguj\u0105 u\u017cytkownikowi w zwi\u0105zku z nimi.<\/strong><\/p><h5><strong><br \/>1 Przegl\u0105d zarz\u0105dzania danymi<\/strong><\/h5><p><strong>Kto jest administratorem danych?<\/strong><\/p><p>A weboldalon t\u00f6rt\u00e9n\u0151 adatkezel\u00e9s\u00e9rt a BOWTRADE s.r.o. felel. Az el\u00e9rhet\u0151s\u00e9geket l\u00e1sd az &#8222;Impresszum&#8221; men\u00fcpont alatt.<\/p><p><strong>W jaki spos\u00f3b gromadzone s\u0105 dane?<\/strong><\/p><p>Z jednej strony u\u017cytkownik przekazuje nam dane (np. za po\u015brednictwem formularza kontaktowego), a z drugiej strony system automatycznie rejestruje informacje techniczne dotycz\u0105ce jego wizyty na stronie (np. przegl\u0105darka, system operacyjny, czas wizyty).<\/p><p><strong>Do czego wykorzystujemy dane?<\/strong><\/p><p>Niekt\u00f3re dane s\u0105 wykorzystywane w celu zapewnienia prawid\u0142owego funkcjonowania strony internetowej, podczas gdy inne s\u0105 wykorzystywane do cel\u00f3w statystycznych i analitycznych.<\/p><p><strong>Jakie masz prawa?<\/strong><\/p><p>W ka\u017cdej chwili u\u017cytkownik ma prawo za\u017c\u0105da\u0107 informacji o przetwarzanych danych osobowych oraz za\u017c\u0105da\u0107 ich sprostowania lub usuni\u0119cia. U\u017cytkownik ma prawo sprzeciwi\u0107 si\u0119 przetwarzaniu danych i z\u0142o\u017cy\u0107 skarg\u0119 do NAIH.<\/p><hr \/><h5><strong>2) Hosting (Hosting)<\/strong><\/h5><p>Nasza strona internetowa dzia\u0142a na serwerach zewn\u0119trznego us\u0142ugodawcy (hosta), gdzie przechowywane s\u0105 wszystkie dane (np. adres IP, dane po\u0142\u0105czenia itp.). Host przetwarza te dane wy\u0142\u0105cznie na podstawie naszych instrukcji i zgodnie z przepisami.<\/p><hr \/><h5><strong>3 Og\u00f3lne informacje na temat ochrony danych<\/strong><\/h5><p>Operator przywi\u0105zuje najwy\u017csz\u0105 wag\u0119 do ochrony danych osobowych u\u017cytkownik\u00f3w i traktuje je w spos\u00f3b poufny i zgodny z obowi\u0105zuj\u0105cymi przepisami.<\/p><p>Nale\u017cy pami\u0119ta\u0107, \u017ce przesy\u0142anie danych przez Internet (np. poczt\u0105 elektroniczn\u0105) mo\u017ce wi\u0105za\u0107 si\u0119 z zagro\u017ceniami bezpiecze\u0144stwa i \u017ce nie mo\u017cna ca\u0142kowicie wykluczy\u0107 dost\u0119pu os\u00f3b trzecich.<\/p><p><strong>Nazwa i dane kontaktowe administratora danych:<\/strong><\/p><p><strong>BOWTRADE s.r.o.<\/strong><br \/>Ru\u017eov\u00fd h\u00e1j 937 Dunajsk\u00e1 Streda 929 0<br \/><em>E-mail: <strong>info@immunodc.com<\/strong><\/em><br \/><em>Telefon: <strong>0918 744 983<\/strong><\/em><\/p><hr \/><h5><strong>4 Przetwarzanie danych osobowych<\/strong><\/h5><p><strong>Formularz kontaktowy<\/strong><\/p><p>Je\u015bli skontaktujesz si\u0119 z nami, informacje podane w tym formularzu zostan\u0105 wykorzystane wy\u0142\u0105cznie w celu udzielenia odpowiedzi na zadane pytania i utrzymania komunikacji. Nie b\u0119d\u0105 one przekazywane stronom trzecim.<\/p><p><strong>E-mail, zapytania telefoniczne<\/strong><\/p><p>Je\u015bli u\u017cytkownik skontaktuje si\u0119 z nami za po\u015brednictwem poczty elektronicznej, telefonu lub faksu, jego wiadomo\u015b\u0107 i ca\u0142a jej tre\u015b\u0107 oraz dane osobowe zostan\u0105 wykorzystane wy\u0142\u0105cznie w celu przetworzenia jego \u017c\u0105dania. Dane te nie b\u0119d\u0105 przekazywane dalej.<\/p><p><strong>Ciasteczka (cookies)<\/strong><\/p><p>Ta strona u\u017cywa plik\u00f3w cookie w celu optymalizacji jej funkcjonalno\u015bci. Te pliki cookie mog\u0105 by\u0107 absolutnie niezb\u0119dne do dzia\u0142ania strony internetowej lub do cel\u00f3w statystycznych i analitycznych. Wi\u0119cej informacji na temat korzystania z plik\u00f3w cookie mo\u017cna znale\u017a\u0107 w poni\u017cszych sekcjach Polityki prywatno\u015bci.<\/p><p><strong>Osadzanie film\u00f3w z YouTube<\/strong><\/p><p>Filmy z YouTube mog\u0105 by\u0107 osadzone na stronie internetowej, co mo\u017ce wi\u0105za\u0107 si\u0119 z po\u0142\u0105czeniem z serwerami Google Ireland Limited. Je\u015bli u\u017cytkownik jest zalogowany na swoim koncie YouTube, YouTube b\u0119dzie m\u00f3g\u0142 powi\u0105za\u0107 wizyt\u0119 u\u017cytkownika z jego osobistym profilem. Tego powi\u0105zania mo\u017cna unikn\u0105\u0107, wylogowuj\u0105c si\u0119.<\/p><p><strong>Prawo do z\u0142o\u017cenia skargi<\/strong><\/p><p>Je\u015bli u\u017cytkownik dowie si\u0119 o naruszeniu w przetwarzaniu jego danych osobowych, mo\u017ce z\u0142o\u017cy\u0107 skarg\u0119 do Krajowego Organu Ochrony Danych i Wolno\u015bci Informacji (NAIH).<\/p><p>Aby uzyska\u0107 wi\u0119cej informacji na temat dalszego przetwarzania danych u\u017cytkownika na naszej stronie internetowej oraz przys\u0142uguj\u0105cych mu praw, nale\u017cy zapozna\u0107 si\u0119 z nasz\u0105 pe\u0142n\u0105 Polityk\u0105 prywatno\u015bci.<\/p>\t\t\t\t\t\t\t\t<\/div>\n\t\t\t\t<\/div>\n\t\t\t\t\t<\/div>\n\t\t\t\t<\/div>\n\t\t\t\t<\/div>","protected":false},"excerpt":{"rendered":"<p>Adatv\u00e9delmi t\u00e1j\u00e9koztat\u00f3 Ez az adatv\u00e9delmi t\u00e1j\u00e9koztat\u00f3 \u00e1ttekint\u00e9st ad arr\u00f3l, milyen szem\u00e9lyes adatokat gy\u0171jt\u00fcnk a weboldal l\u00e1togat\u00e1sa sor\u00e1n, milyen c\u00e9llal dolgozzuk fel \u0151ket, \u00e9s milyen jogok illetik meg \u00d6nt az adatokkal kapcsolatban. 1. Az adatkezel\u00e9s \u00e1ttekint\u00e9se Ki az adatkezel\u0151? A weboldalon t\u00f6rt\u00e9n\u0151 adatkezel\u00e9s\u00e9rt a BOWTRADE s.r.o. felel. Az el\u00e9rhet\u0151s\u00e9geket l\u00e1sd az &#8222;Impresszum&#8221; men\u00fcpont alatt. Hogyan t\u00f6rt\u00e9nik [&hellip;]<\/p>\n","protected":false},"author":254324096,"featured_media":0,"parent":0,"menu_order":0,"comment_status":"closed","ping_status":"closed","template":"","meta":{"_angie_page":false,"_crdt_document":"","content-type":"","footnotes":""},"class_list":["post-387","page","type-page","status-publish","hentry"],"yoast_head":"<!-- This site is optimized with the Yoast SEO plugin v27.4 - https:\/\/yoast.com\/product\/yoast-seo-wordpress\/ -->\n<title>Adatkezel\u00e9si t\u00e1j\u00e9koztat\u00f3 -<\/title>\n<meta name=\"robots\" content=\"index, follow, max-snippet:-1, max-image-preview:large, max-video-preview:-1\" \/>\n<link rel=\"canonical\" href=\"https:\/\/immunodc.com\/pl\/informacje-o-zarzadzaniu-danymi\/\" \/>\n<meta property=\"og:locale\" content=\"pl_PL\" \/>\n<meta property=\"og:type\" content=\"article\" \/>\n<meta property=\"og:title\" content=\"Adatkezel\u00e9si t\u00e1j\u00e9koztat\u00f3 -\" \/>\n<meta property=\"og:description\" content=\"Adatv\u00e9delmi t\u00e1j\u00e9koztat\u00f3 Ez az adatv\u00e9delmi t\u00e1j\u00e9koztat\u00f3 \u00e1ttekint\u00e9st ad arr\u00f3l, milyen szem\u00e9lyes adatokat gy\u0171jt\u00fcnk a weboldal l\u00e1togat\u00e1sa sor\u00e1n, milyen c\u00e9llal dolgozzuk fel \u0151ket, \u00e9s milyen jogok illetik meg \u00d6nt az adatokkal kapcsolatban. 1. Az adatkezel\u00e9s \u00e1ttekint\u00e9se Ki az adatkezel\u0151? A weboldalon t\u00f6rt\u00e9n\u0151 adatkezel\u00e9s\u00e9rt a BOWTRADE s.r.o. felel. Az el\u00e9rhet\u0151s\u00e9geket l\u00e1sd az &#8222;Impresszum&#8221; men\u00fcpont alatt. Hogyan t\u00f6rt\u00e9nik [&hellip;]\" \/>\n<meta property=\"og:url\" content=\"https:\/\/immunodc.com\/pl\/informacje-o-zarzadzaniu-danymi\/\" \/>\n<meta property=\"article:modified_time\" content=\"2026-03-22T19:39:27+00:00\" \/>\n<meta property=\"og:image\" content=\"https:\/\/immunodc.com\/wp-content\/uploads\/2025\/06\/WhatsApp-Image-2025-06-03-at-13.38.24.webp\" \/>\n\t<meta property=\"og:image:width\" content=\"1024\" \/>\n\t<meta property=\"og:image:height\" content=\"1024\" \/>\n\t<meta property=\"og:image:type\" content=\"image\/webp\" \/>\n<meta name=\"twitter:card\" content=\"summary_large_image\" \/>\n<meta name=\"twitter:label1\" content=\"Szacowany czas czytania\" \/>\n\t<meta name=\"twitter:data1\" content=\"3 minuty\" \/>\n<script type=\"application\/ld+json\" class=\"yoast-schema-graph\">{\"@context\":\"https:\\\/\\\/schema.org\",\"@graph\":[{\"@type\":\"WebPage\",\"@id\":\"https:\\\/\\\/immunodc.com\\\/adatkezelesi-tajekoztato\\\/\",\"url\":\"https:\\\/\\\/immunodc.com\\\/adatkezelesi-tajekoztato\\\/\",\"name\":\"Adatkezel\u00e9si t\u00e1j\u00e9koztat\u00f3 -\",\"isPartOf\":{\"@id\":\"https:\\\/\\\/immunodc.com\\\/#website\"},\"datePublished\":\"2025-06-17T17:17:38+00:00\",\"dateModified\":\"2026-03-22T19:39:27+00:00\",\"breadcrumb\":{\"@id\":\"https:\\\/\\\/immunodc.com\\\/adatkezelesi-tajekoztato\\\/#breadcrumb\"},\"inLanguage\":\"pl-PL\",\"potentialAction\":[{\"@type\":\"ReadAction\",\"target\":[\"https:\\\/\\\/immunodc.com\\\/adatkezelesi-tajekoztato\\\/\"]}]},{\"@type\":\"BreadcrumbList\",\"@id\":\"https:\\\/\\\/immunodc.com\\\/adatkezelesi-tajekoztato\\\/#breadcrumb\",\"itemListElement\":[{\"@type\":\"ListItem\",\"position\":1,\"name\":\"Kezd\u0151lap\",\"item\":\"https:\\\/\\\/immunodc.com\\\/\"},{\"@type\":\"ListItem\",\"position\":2,\"name\":\"Adatkezel\u00e9si t\u00e1j\u00e9koztat\u00f3\"}]},{\"@type\":\"WebSite\",\"@id\":\"https:\\\/\\\/immunodc.com\\\/#website\",\"url\":\"https:\\\/\\\/immunodc.com\\\/\",\"name\":\"\",\"description\":\"Az ImmunoDC megb\u00edzhat\u00f3 partnere az innovat\u00edv daganatkezel\u00e9sekhez vezet\u0151 \u00faton.\",\"potentialAction\":[{\"@type\":\"SearchAction\",\"target\":{\"@type\":\"EntryPoint\",\"urlTemplate\":\"https:\\\/\\\/immunodc.com\\\/?s={search_term_string}\"},\"query-input\":{\"@type\":\"PropertyValueSpecification\",\"valueRequired\":true,\"valueName\":\"search_term_string\"}}],\"inLanguage\":\"pl-PL\"}]}<\/script>\n<!-- \/ Yoast SEO plugin. -->","yoast_head_json":{"title":"Adatkezel\u00e9si t\u00e1j\u00e9koztat\u00f3 -","robots":{"index":"index","follow":"follow","max-snippet":"max-snippet:-1","max-image-preview":"max-image-preview:large","max-video-preview":"max-video-preview:-1"},"canonical":"https:\/\/immunodc.com\/pl\/informacje-o-zarzadzaniu-danymi\/","og_locale":"pl_PL","og_type":"article","og_title":"Adatkezel\u00e9si t\u00e1j\u00e9koztat\u00f3 -","og_description":"Adatv\u00e9delmi t\u00e1j\u00e9koztat\u00f3 Ez az adatv\u00e9delmi t\u00e1j\u00e9koztat\u00f3 \u00e1ttekint\u00e9st ad arr\u00f3l, milyen szem\u00e9lyes adatokat gy\u0171jt\u00fcnk a weboldal l\u00e1togat\u00e1sa sor\u00e1n, milyen c\u00e9llal dolgozzuk fel \u0151ket, \u00e9s milyen jogok illetik meg \u00d6nt az adatokkal kapcsolatban. 1. Az adatkezel\u00e9s \u00e1ttekint\u00e9se Ki az adatkezel\u0151? A weboldalon t\u00f6rt\u00e9n\u0151 adatkezel\u00e9s\u00e9rt a BOWTRADE s.r.o. felel. Az el\u00e9rhet\u0151s\u00e9geket l\u00e1sd az &#8222;Impresszum&#8221; men\u00fcpont alatt. Hogyan t\u00f6rt\u00e9nik [&hellip;]","og_url":"https:\/\/immunodc.com\/pl\/informacje-o-zarzadzaniu-danymi\/","article_modified_time":"2026-03-22T19:39:27+00:00","og_image":[{"width":1024,"height":1024,"url":"https:\/\/immunodc.com\/wp-content\/uploads\/2025\/06\/WhatsApp-Image-2025-06-03-at-13.38.24.webp","type":"image\/webp"}],"twitter_card":"summary_large_image","twitter_misc":{"Szacowany czas czytania":"3 minuty"},"schema":{"@context":"https:\/\/schema.org","@graph":[{"@type":"WebPage","@id":"https:\/\/immunodc.com\/adatkezelesi-tajekoztato\/","url":"https:\/\/immunodc.com\/adatkezelesi-tajekoztato\/","name":"Adatkezel\u00e9si t\u00e1j\u00e9koztat\u00f3 -","isPartOf":{"@id":"https:\/\/immunodc.com\/#website"},"datePublished":"2025-06-17T17:17:38+00:00","dateModified":"2026-03-22T19:39:27+00:00","breadcrumb":{"@id":"https:\/\/immunodc.com\/adatkezelesi-tajekoztato\/#breadcrumb"},"inLanguage":"pl-PL","potentialAction":[{"@type":"ReadAction","target":["https:\/\/immunodc.com\/adatkezelesi-tajekoztato\/"]}]},{"@type":"BreadcrumbList","@id":"https:\/\/immunodc.com\/adatkezelesi-tajekoztato\/#breadcrumb","itemListElement":[{"@type":"ListItem","position":1,"name":"Kezd\u0151lap","item":"https:\/\/immunodc.com\/"},{"@type":"ListItem","position":2,"name":"Adatkezel\u00e9si t\u00e1j\u00e9koztat\u00f3"}]},{"@type":"WebSite","@id":"https:\/\/immunodc.com\/#website","url":"https:\/\/immunodc.com\/","name":"","description":"ImmunoDC to zaufany partner na drodze do innowacyjnych metod leczenia raka.","potentialAction":[{"@type":"SearchAction","target":{"@type":"EntryPoint","urlTemplate":"https:\/\/immunodc.com\/?s={search_term_string}"},"query-input":{"@type":"PropertyValueSpecification","valueRequired":true,"valueName":"search_term_string"}}],"inLanguage":"pl-PL"}]}},"_links":{"self":[{"href":"https:\/\/immunodc.com\/pl\/wp-json\/wp\/v2\/pages\/387","targetHints":{"allow":["GET"]}}],"collection":[{"href":"https:\/\/immunodc.com\/pl\/wp-json\/wp\/v2\/pages"}],"about":[{"href":"https:\/\/immunodc.com\/pl\/wp-json\/wp\/v2\/types\/page"}],"author":[{"embeddable":true,"href":"https:\/\/immunodc.com\/pl\/wp-json\/wp\/v2\/users\/254324096"}],"replies":[{"embeddable":true,"href":"https:\/\/immunodc.com\/pl\/wp-json\/wp\/v2\/comments?post=387"}],"version-history":[{"count":53,"href":"https:\/\/immunodc.com\/pl\/wp-json\/wp\/v2\/pages\/387\/revisions"}],"predecessor-version":[{"id":1411,"href":"https:\/\/immunodc.com\/pl\/wp-json\/wp\/v2\/pages\/387\/revisions\/1411"}],"wp:attachment":[{"href":"https:\/\/immunodc.com\/pl\/wp-json\/wp\/v2\/media?parent=387"}],"curies":[{"name":"wp","href":"https:\/\/api.w.org\/{rel}","templated":true}]}}