{"id":93,"date":"2025-06-03T15:07:18","date_gmt":"2025-06-03T13:07:18","guid":{"rendered":"https:\/\/immunodc.com\/cookie-szabalyzat\/"},"modified":"2025-06-03T15:07:18","modified_gmt":"2025-06-03T13:07:18","slug":"pravila-o-kolacicima","status":"publish","type":"page","link":"https:\/\/immunodc.com\/hr\/pravila-o-kolacicima\/","title":{"rendered":"Pravila o kola\u010di\u0107ima"},"content":{"rendered":"<p>Ovom politikom kola\u010di\u0107a \u017eeljeno je izlo\u010diti \u0161to su kola\u010di\u0107i i tehnologie sli\u010dne kola\u010di\u0107ima, kako ih mi i druga slu\u017eba slu\u017ebe slu\u017ebe na ovoj web strani, koje informacije sadr\u017eavaju, koliko dugo ih izmoji iu koje su provjerene.<\/p><h2>Sadr\u017eaj<\/h2><ul><li><a href=\"#controller-of-the-website\">Web stranica s podacima kontrolora<\/a><\/li><li><a href=\"#diff-to-privacy-policy\">Dodatak Pravilima o privatnosti<\/a><\/li><li><a href=\"#cookie-technology\">\u0160to su kola\u010di\u0107i i sli\u010dne tehnologije?<\/a><\/li><li><a href=\"#legal-basis\">Koja je pravna osnova za posjevanje\/\u010ditanje kola\u010di\u0107a?<\/a><\/li><li><a href=\"#rights-of-visitor\">Koja prava ima posjetiti njegovu web stranicu?<\/a><\/li><li><a href=\"#manage-cookies\">Kako upravljati kola\u010di\u0107ima u va\u0161em pregledniku?<\/a><\/li><li><a href=\"#types-of-cookies\">Koje vrste kola\u010di\u0107a posti\u017eu?<\/a><\/li><li><a href=\"#cookies-origin\">Tko mo\u017ee postaviti cookie na ovoj web stranici?<\/a><\/li><li><a href=\"#list-of-services\">Koje kola\u010di\u0107e koristimo na ovoj web stranici?<\/a><\/li><\/ul><h2 id=\"controller-of-the-website\">Web stranica s podacima kontrolora<\/h2><ul><li><strong>pru\u017eatelj: <\/strong>BOWTRADE s.r.o., Slovenija<\/li><li><strong>E-po\u0161ta: <\/strong><a target=\"_blank\" href=\"mailto:info@immunodc.com\">info@immunodc.com<\/a><\/li><li><strong>Telefon: <\/strong><a target=\"_blank\" href=\"tel:0918 744 983\">0918 744 983<\/a><\/li><li><strong>Kontakt obrazac: <\/strong><a target=\"_blank\" href=\"https:\/\/immunodc.com\/hr\/celzott-immunvalasz-a-rak-ellen-szemelyre-szabottan\/\">immunodc.com\/hr\/celzott-immunvalasz-a-rak-ellen-szemelyre-szabottan\/<\/a><\/li><\/ul><h2 id=\"diff-to-privacy-policy\">Dodatak Pravilima o privatnosti<\/h2><p>Ova pravila o kola\u010di\u0107ima doljak su Pravila o privatnosti webmjesta. Pravila o kola\u010di\u0107ima definiraju kako web-mjesto koristi kola\u010di\u0107e i koji se podaci \u0161ikaju putem njih, dok pravila o kola\u010di\u0107ima sveobuhvatniji pregled svih aktivnosti obreda podataka na web-mjestu i izvan njega.<\/p><h2 id=\"cookie-technology\">\u0160to su kola\u010di\u0107i i sli\u010dne tehnologije?<\/h2><p>Kola\u010di\u0107i su mali tekstualni dijelovi informacija koje se mogu pohraniti i \u010ditati na izjekti kortnog kerala. Slu\u017ei u razli\u010dite svrhe, uklju\u010duju\u0107i odr\u017eavanje osnovnih funkcija web stranice, sigurnost i privatnost, pru\u017eanje dodatnih zna\u010dajki na web stranici, prikupljanje statisti\u010dkih podataka o prometu posjetitelja i pru\u017eanje marketin\u0161kih sustava. Practical examples of onoga \u0161to se mo\u017ee pohraniti u kola\u010di\u0107ima: pohranjivanje statusa apprehension utilisih \u010dlukana, content ko\u0161aria za kupuniya na platformama za e-trgovinu ili utilizi ID za p\u0159i\u0161t\u0101va na web stranici.<br \/><br \/>Informazione se tehnici mogu pohraniti na va\u0161enje sve\u0107ije. Najpoznatiji prijemi su HTTP kola\u010di\u0107i i tehnologije slo\u017eenih kola\u010di\u0107a kao \u0161to su lokalna pohrana, pohrana sesije ili IndexedDB. Svaka vrsta pohrane ima razli\u010dita svojstva koja za tehn\u00ed obradu, po\u0161tu i kontrole koji imaju pristup informacijama. Sve ove vrste pohrane \u00fadin\u00e1 se sa\u017eimaju pod pojmom &quot;kola\u010di\u0107i&quot;, jer ih u ovim politikama o kola\u010di\u0107ima i nazivamo takvima.<\/p><h2 id=\"legal-basis\">Koja je pravna osnova za posjevanje\/\u010ditanje kola\u010di\u0107a?<\/h2><p>U Europskoj uniji (EU) i Europskom gospodarskom prostoru (EGP) postavljanje i \u010ditanje kola\u010di\u0107a dopu\u0161teno je samo prema \u010clanak 5. stavak 3. Direktiva o privatnosti i elektroni\u010dkim komunikacijama i Uvodna izjava 66 Direktive o privatnosti i elektroni\u010dkim komunikacijama ako je korisnik dao svoju privolu na temelju sveobuhvatnih informacija o svrhama obrade. Operater web stranice tako\u0111er mo\u017ee postaviti kola\u010di\u0107e ako su apsolutno nu\u017eni kako bi vam kao korisniku pru\u017eio uslugu koju ste posebno zatra\u017eili, npr. kola\u010di\u0107i koji su apsolutno nu\u017eni za prikaz osnovnog sadr\u017eaja web stranice ili drugih osnovnih funkcija web stranice mogu vam se prikazati bez va\u0161eg pristanka.<\/p><h2 id=\"rights-of-visitor\">Koja prava ima posjetiti njegovu web stranicu?<\/h2><p>Usluge is njom sabiha kola\u010di\u0107i mogu se postavljati i \u010ditati na tuva\u0161e va\u0161eg pristanka ili legitimnog interesa. Kada ste prvi put posjetili ovu web stranicu, po\u017eeljeli smo va\u0161 pristanak i dali vam slu\u010daj da usprotivite u\u017eivanje odre\u0111enih usluga. U dijalogu za pristanak jasbansili smo koja se usluga spodani na kojoj pravnoj vezi.<br \/><br \/>Imate pravo pregledati povijest svojih preferencija, promijeniti postavke privatnosti, prigovoriti na kori\u0161tenje usluga i povu\u0107i svoj pristanak u bilo kojem trenutku. U nastavku \u0107ete prona\u0107i mogu\u0107nosti za ostvarivanje svojih prava:<br \/><ul><li>Molimo navedite atribut `type` u svom kratkom kodu (shortcodeu). Dozvoljene vrijednosti su: history,revoke,change!<\/li><li>Molimo navedite atribut `type` u svom kratkom kodu (shortcodeu). Dozvoljene vrijednosti su: history,revoke,change!<\/li><li>Molimo navedite atribut `type` u svom kratkom kodu (shortcodeu). Dozvoljene vrijednosti su: history,revoke,change!<\/li><\/ul><\/p><h2 id=\"manage-cookies\">Kako upravljati kola\u010di\u0107ima u va\u0161em pregledniku?<\/h2><p><ul><li><strong>Kako ukloniti kola\u010di\u0107e iz preglednika:<\/strong> Kola\u010di\u0107 za uklanjanje mo\u017ee se koristiti za brisanje podataka pregledavanja s ure\u0111aja u sustavu projektora. Ovaj put \u0107e se svetski svi kola\u010di\u0107i sa svih web-mjesta koja poje\u0107uju, \u010de\u0161t\u0117s svjetne za dato za prijavu i posje\u0107u web-mjesta. U nekim preglednicima mo\u017ee se na\u0107i samo kola\u010dki i sli\u010dne datoteke bez brisanja zjele preglednicima vanja.<\/li><li><strong>Kako kontrolirati kola\u010di\u0107e u va\u0161em pregledniku:<\/strong> Za radnu kontrolu nad kola\u010di\u0107ima specifi\u010dnim za pojedine web-stranice, idite na poste na privatnost i kola\u010dicu svog prje\u0161tava. Ovdje mo\u017eete prilagoditi svoje postavke kori\u0161tenjem kola\u010di\u0107a na va\u0161oj individualnoj web stranici.<\/li><li><strong>Kako blokirati kola\u010di\u0107e u pregledniku:<\/strong> Ve\u0107ina modernih preglednika ima opciju blokiranja kola\u010di\u0107a na va\u0161em ure\u0111aju. Me\u0111utim, blokiranje kola\u010di\u0107a mo\u017ee rezultirati time da se odre\u0111ene usluge i \u0161tukte ne rade prje\u0161no, poput apprehne kao kerjava. Tako\u0111er, mo\u017eete koristiti dodatke za mnoge preglednike koji mogu blokirati web stranice i postaviti kola\u010di\u0107e.<\/li><li><strong>Kako upravljati kola\u010di\u0107ima na ovoj web stranici:<\/strong> Postavke kola\u010di\u0107a na web stranici mo\u017eete promijeniti u bilo kojem trenutku klikom na poveznicu u odjeljku &quot;Prava posjeta web stranici&quot;.<\/li><\/li><\/ul><p>Vi\u0161e informacija o upravljanju mojim kola\u010di\u0107ima mo\u017eete prona\u0107i ovdje <a href=\"https:\/\/devowl.io\/rcb\/cookie-handling\/\" target=\"_blank\">dewoll.io\/rcb\/upravljanje-kola\u010di\u0107ima\/<\/a> strana.<\/p><\/p><h2 id=\"types-of-cookies\">Koje vrste kola\u010di\u0107a posti\u017eu?<\/h2><p><ul><li><strong>Osnovni kola\u010di\u0107i<\/strong> su bitni za osvno funkcioniranje web stranice i svetni sukti poput spremanja podataka za aplikaciju ili psupta sikurim sikurim sajedi web stranice. To uklju\u010duje, primjerice, sigurnosne kola\u010di\u0107e koji se ne mogu identificirati na web stranici.<\/li><li><strong>Funkcionalni kola\u010di\u0107i<\/strong> Oni pobolj\u0161avaju korisni\u010dko iskustvo pohranjivanjem informacija i preferencija, kao \u0161to su postovi jezika ili postovi izjave web stranice, kako bi pru\u017eili personalizirano korisni\u010dko iskustvo. Uklju\u010diti, na primjer, postavke kola\u010di\u0107a, koji pohranjuju koriskovi vy\u0161tno kaltivi videa na web stranici.<\/li><li><strong>Statisti\u010dki kola\u010di\u0107i<\/strong> prikupljati podatke o kori\u0161tenju web stranice kako bi prikupili informacije o pona\u0161anju korisnika i optimizirali performanse web stranice. To uklju\u010duje, na primjer, nasumi\u010dno dodijeljeni korisni\u010dki ID koji nam omogu\u0107uje da posjetimo va\u0161u web stranicu.<\/li><li><strong>Marketin\u0161ki kola\u010di\u0107i<\/strong> koriste se za pr\u00ed\u010de\u010dn\u00ed \u010dl\u00e1nku \u010dl\u00e1nku na web-stranicama i pr\u00ed\u017eanje personaliziranih ogla\u0161ena na pr\u00e1vn\u00e1 interesa i naviku pregledavanja \u010dl\u00e1nku. To uklju\u010duje, na primjer, reklamne kola\u010di\u0107e koji pohranjuju interakcije s oglasima na web-stranici i preveniraju ih ogla\u0161iva\u010dima ili sustav chata za pitasana prije prodaje i u\u017einske podr\u0161ke.<\/li><\/li><\/ul><\/p><h2 id=\"cookies-origin\">Tko mo\u017ee postaviti cookie na ovoj web stranici?<\/h2><p>Na ovoj web stranici, i operater web stranice i usluge tre\u0107ih strana koje se koriste na web stranici mogu postavljati kola\u010di\u0107e i pristupati sadr\u017eaju web stranice. Tko mo\u017ee pr\u00e1\u0161te kojim kola\u010di\u0107ima i njihov sadr\u017eaj se ne razlikuje od kola\u010di\u0107a prve i tre\u0107e strane. Kola\u010di\u0107e prve strane strava web stranicu koju posje\u0107uju i mo\u017ee ih \u010ditati samo operater web stranice i usluge tre\u0107ih strana integrirane na web stranicu. Kola\u010di\u0107e tre\u0107ih strana obi\u010dno postavljaju usluge tre\u0107ih strana na drugim domenama, mo\u017ee ih \u010ditati bilo koja web stranica na kojoj je ugra\u0111ena usluga koja kontrolira domenu i koristi ih, na primjer ogla\u0161iva\u010dke mre\u017ee za milit\u0101cii bebehavior ke\u013cu\u0161a na different web pages i za ponudu personaliziranog ogla\u0161avanja.<\/p><h2 id=\"list-of-services\">Koje kola\u010di\u0107e koristimo na ovoj web stranici?<\/h2><script type=\"application\/json\">{\"search\":{\"placeholder\":\"Pretra\\u017ei...\"},\"sort\":{\"sortAsc\":\"Sortiraj stupac uzlazno\",\"sortDesc\":\"Sortiraj stupac silazno\"},\"pagination\":{\"previous\":\"Prethodni\",\"next\":\"Sljede\\u0107i\",\"navigate\":\"Stranica %1$d od %2$d\",\"page\":\"Stranica %d\",\"showing\":\"Prikazano\",\"of\":\"od\",\"to\":\"do\",\"results\":\"rezultati\"},\"noRecordsFound\":\"Nema prona\\u0111enih zapisa koji odgovaraju kriterijima\"}<\/script><table  class=\"devowl-wp-react-cookie-banner-cookie-policy\"><thead><tr><th width=\"200px\" scope=\"col\">Kategorija<\/th><th width=\"400px\" scope=\"col\">Tehni\u010dki naziv kola\u010di\u0107a<\/th><th width=\"400px\" scope=\"col\">Tehni\u010dki poslu\u017eitelj kola\u010di\u0107a<\/th><th width=\"400px\" scope=\"col\">Usluga<\/th><th width=\"250px\" scope=\"col\">Trajanje<\/th><th width=\"200px\" scope=\"col\">Savjet<\/th><th width=\"550px\" scope=\"col\">Svrha<\/th><\/tr><\/thead><tbody><tr><td>Osnovno<\/td><td>pravi_banner_kola\u010di\u0107a*<\/td><td>.immunodc.com<\/td><td>Pravi banner s kola\u010di\u0107ima<\/td><td>365 dani<\/td><td>HTTP kola\u010di\u0107i<\/td><td>Jedinstveni identifikator za privolu, ali ne i za posjetitelja web-mjesta. Hash revizije postavki bannera kola\u010di\u0107a (tekstovi, boje, funkcije, grupe usluga, usluge, blokatori sadr\u017eaja itd.). Identifikatori usluga i grupa usluga uklju\u010denih u privolu.<\/td><\/tr><tr><td>Osnovno<\/td><td>pravi_banner_kola\u010di\u0107a*-tcf<\/td><td>.immunodc.com<\/td><td>Pravi banner s kola\u010di\u0107ima<\/td><td>365 dani<\/td><td>HTTP kola\u010di\u0107i<\/td><td>Doprinosi prikupljeni u okviru TCF-a pohranjeni u formatu TC String, uklju\u010duju\u0107i pru\u017eatelje TCF-a, ciljeve, posebne ciljeve, zna\u010dajke i posebne funkcije.<\/td><\/tr><tr><td>Osnovno<\/td><td>pravi_banner_kola\u010di\u0107a*-gcm<\/td><td>.immunodc.com<\/td><td>Pravi banner s kola\u010di\u0107ima<\/td><td>365 dani<\/td><td>HTTP kola\u010di\u0107i<\/td><td>Google Consent Mode prikuplja privole prema pohranjenim vrstama privola (svrhama) za sve usluge kompatibilne s Google Consent Modeom.<\/td><\/tr><tr><td>Osnovno<\/td><td>tijelo_bannera_real_cookie<\/td><td>.immunodc.com<\/td><td>Pravi banner s kola\u010di\u0107ima<\/td><td>365 dani<\/td><td>HTTP kola\u010di\u0107i<\/td><td>Ovaj kola\u010di\u0107 je postavljen za testiranje funkcionalnosti HTTP kola\u010di\u0107a. Bit \u0107e izbrisan odmah nakon testiranja.<\/td><\/tr><tr><td>Osnovno<\/td><td>pravi_banner_kola\u010di\u0107a*<\/td><td><a href=\"https:\/\/immunodc.com\/hr\">https:\/\/immunodc.com<\/a><\/td><td>Pravi banner s kola\u010di\u0107ima<\/td><td>-<\/td><td>Lokalna pohrana<\/td><td>Jedinstveni identifikator za privolu, ali ne i za posjetitelja web stranice. Hash revizije postavki bannera kola\u010di\u0107a (tekstovi, boje, funkcije, grupe usluga, usluge, blokatori sadr\u017eaja itd.). Identifikatori usluga i grupa usluga uklju\u010denih u privolu. Pohranjuje se samo dok se privola ne dokumentira na poslu\u017eitelju web stranice.<\/td><\/tr><tr><td>Osnovno<\/td><td>pravi_banner_kola\u010di\u0107a*-tcf<\/td><td><a href=\"https:\/\/immunodc.com\/hr\">https:\/\/immunodc.com<\/a><\/td><td>Pravi banner s kola\u010di\u0107ima<\/td><td>-<\/td><td>Lokalna pohrana<\/td><td>Doprinosi prikupljeni u okviru TCF-a pohranjuju se u TC String formatu, uklju\u010duju\u0107i pru\u017eatelje TCF-a, svrhe, posebne svrhe, funkcije i posebne zna\u010dajke. Pohranjuju se samo dok se dokumentacija doprinosa ne napravi na poslu\u017eitelju web stranice.<\/td><\/tr><tr><td>Osnovno<\/td><td>pravi_banner_kola\u010di\u0107a*-gcm<\/td><td><a href=\"https:\/\/immunodc.com\/hr\">https:\/\/immunodc.com<\/a><\/td><td>Pravi banner s kola\u010di\u0107ima<\/td><td>-<\/td><td>Lokalna pohrana<\/td><td>Privole prikupljene putem Googleove metode privole pohranjuju se pod vrstama privole (svrhama) za sve usluge kompatibilne s Googleovom metodom privole. Pohranjuju se samo dok se privola ne dokumentira na poslu\u017eitelju web stranice.<\/td><\/tr><tr><td>Osnovno<\/td><td>red \u010dekanja za pristanak na stvarne kola\u010di\u0107e*<\/td><td><a href=\"https:\/\/immunodc.com\/hr\">https:\/\/immunodc.com<\/a><\/td><td>Pravi banner s kola\u010di\u0107ima<\/td><td>-<\/td><td>Lokalna pohrana<\/td><td>Lokalno ke\u0161iranje odabira u banneru kola\u010di\u0107a dok poslu\u017eitelj ne dokumentira pristanak; dokumentacija se periodi\u010dno mijenja ili se mijenja na stranici ako poslu\u017eitelj nije dostupan ili je preoptere\u0107en.<\/td><\/tr><\/tbody><\/table><p>Ova politika kola\u010dica zadnje je put apjevetena 6. studenog 2025.<\/p>","protected":false},"excerpt":{"rendered":"","protected":false},"author":254324095,"featured_media":0,"parent":0,"menu_order":0,"comment_status":"closed","ping_status":"closed","template":"","meta":{"_angie_page":false,"_crdt_document":"","content-type":"","footnotes":""},"class_list":["post-93","page","type-page","status-publish","hentry"],"yoast_head":"<!-- This site is optimized with the Yoast SEO plugin v27.3 - https:\/\/yoast.com\/product\/yoast-seo-wordpress\/ -->\n<title>Cookie szab\u00e1lyzat -<\/title>\n<meta name=\"robots\" content=\"index, follow, max-snippet:-1, max-image-preview:large, max-video-preview:-1\" \/>\n<link rel=\"canonical\" href=\"https:\/\/immunodc.com\/hr\/pravila-o-kolacicima\/\" \/>\n<meta property=\"og:locale\" content=\"hr_HR\" \/>\n<meta property=\"og:type\" content=\"article\" \/>\n<meta property=\"og:title\" content=\"Cookie szab\u00e1lyzat -\" \/>\n<meta property=\"og:url\" content=\"https:\/\/immunodc.com\/hr\/pravila-o-kolacicima\/\" \/>\n<meta property=\"og:image\" content=\"https:\/\/immunodc.com\/wp-content\/uploads\/2025\/06\/WhatsApp-Image-2025-06-03-at-13.38.24.webp\" \/>\n\t<meta property=\"og:image:width\" content=\"1024\" \/>\n\t<meta property=\"og:image:height\" content=\"1024\" \/>\n\t<meta property=\"og:image:type\" content=\"image\/webp\" \/>\n<meta name=\"twitter:card\" content=\"summary_large_image\" \/>\n<script type=\"application\/ld+json\" class=\"yoast-schema-graph\">{\"@context\":\"https:\\\/\\\/schema.org\",\"@graph\":[{\"@type\":\"WebPage\",\"@id\":\"https:\\\/\\\/immunodc.com\\\/cookie-szabalyzat\\\/\",\"url\":\"https:\\\/\\\/immunodc.com\\\/cookie-szabalyzat\\\/\",\"name\":\"Cookie szab\u00e1lyzat -\",\"isPartOf\":{\"@id\":\"https:\\\/\\\/immunodc.com\\\/#website\"},\"datePublished\":\"2025-06-03T13:07:18+00:00\",\"breadcrumb\":{\"@id\":\"https:\\\/\\\/immunodc.com\\\/cookie-szabalyzat\\\/#breadcrumb\"},\"inLanguage\":\"hr\",\"potentialAction\":[{\"@type\":\"ReadAction\",\"target\":[\"https:\\\/\\\/immunodc.com\\\/cookie-szabalyzat\\\/\"]}]},{\"@type\":\"BreadcrumbList\",\"@id\":\"https:\\\/\\\/immunodc.com\\\/cookie-szabalyzat\\\/#breadcrumb\",\"itemListElement\":[{\"@type\":\"ListItem\",\"position\":1,\"name\":\"Kezd\u0151lap\",\"item\":\"https:\\\/\\\/immunodc.com\\\/\"},{\"@type\":\"ListItem\",\"position\":2,\"name\":\"Cookie szab\u00e1lyzat\"}]},{\"@type\":\"WebSite\",\"@id\":\"https:\\\/\\\/immunodc.com\\\/#website\",\"url\":\"https:\\\/\\\/immunodc.com\\\/\",\"name\":\"\",\"description\":\"Az ImmunoDC megb\u00edzhat\u00f3 partnere az innovat\u00edv daganatkezel\u00e9sekhez vezet\u0151 \u00faton.\",\"potentialAction\":[{\"@type\":\"SearchAction\",\"target\":{\"@type\":\"EntryPoint\",\"urlTemplate\":\"https:\\\/\\\/immunodc.com\\\/?s={search_term_string}\"},\"query-input\":{\"@type\":\"PropertyValueSpecification\",\"valueRequired\":true,\"valueName\":\"search_term_string\"}}],\"inLanguage\":\"hr\"}]}<\/script>\n<!-- \/ Yoast SEO plugin. -->","yoast_head_json":{"title":"Cookie szab\u00e1lyzat -","robots":{"index":"index","follow":"follow","max-snippet":"max-snippet:-1","max-image-preview":"max-image-preview:large","max-video-preview":"max-video-preview:-1"},"canonical":"https:\/\/immunodc.com\/hr\/pravila-o-kolacicima\/","og_locale":"hr_HR","og_type":"article","og_title":"Cookie szab\u00e1lyzat -","og_url":"https:\/\/immunodc.com\/hr\/pravila-o-kolacicima\/","og_image":[{"width":1024,"height":1024,"url":"https:\/\/immunodc.com\/wp-content\/uploads\/2025\/06\/WhatsApp-Image-2025-06-03-at-13.38.24.webp","type":"image\/webp"}],"twitter_card":"summary_large_image","schema":{"@context":"https:\/\/schema.org","@graph":[{"@type":"WebPage","@id":"https:\/\/immunodc.com\/cookie-szabalyzat\/","url":"https:\/\/immunodc.com\/cookie-szabalyzat\/","name":"Cookie szab\u00e1lyzat -","isPartOf":{"@id":"https:\/\/immunodc.com\/#website"},"datePublished":"2025-06-03T13:07:18+00:00","breadcrumb":{"@id":"https:\/\/immunodc.com\/cookie-szabalyzat\/#breadcrumb"},"inLanguage":"hr","potentialAction":[{"@type":"ReadAction","target":["https:\/\/immunodc.com\/cookie-szabalyzat\/"]}]},{"@type":"BreadcrumbList","@id":"https:\/\/immunodc.com\/cookie-szabalyzat\/#breadcrumb","itemListElement":[{"@type":"ListItem","position":1,"name":"Kezd\u0151lap","item":"https:\/\/immunodc.com\/"},{"@type":"ListItem","position":2,"name":"Cookie szab\u00e1lyzat"}]},{"@type":"WebSite","@id":"https:\/\/immunodc.com\/#website","url":"https:\/\/immunodc.com\/","name":"","description":"ImmunoDC je va\u0161 pouzdani partner na putu do inovativnih tretmana raka.","potentialAction":[{"@type":"SearchAction","target":{"@type":"EntryPoint","urlTemplate":"https:\/\/immunodc.com\/?s={search_term_string}"},"query-input":{"@type":"PropertyValueSpecification","valueRequired":true,"valueName":"search_term_string"}}],"inLanguage":"hr"}]}},"jetpack_sharing_enabled":true,"jetpack_shortlink":"https:\/\/wp.me\/PgAFcX-1v","jetpack-related-posts":[],"_links":{"self":[{"href":"https:\/\/immunodc.com\/hr\/wp-json\/wp\/v2\/pages\/93","targetHints":{"allow":["GET"]}}],"collection":[{"href":"https:\/\/immunodc.com\/hr\/wp-json\/wp\/v2\/pages"}],"about":[{"href":"https:\/\/immunodc.com\/hr\/wp-json\/wp\/v2\/types\/page"}],"author":[{"embeddable":true,"href":"https:\/\/immunodc.com\/hr\/wp-json\/wp\/v2\/users\/254324095"}],"replies":[{"embeddable":true,"href":"https:\/\/immunodc.com\/hr\/wp-json\/wp\/v2\/comments?post=93"}],"version-history":[{"count":0,"href":"https:\/\/immunodc.com\/hr\/wp-json\/wp\/v2\/pages\/93\/revisions"}],"wp:attachment":[{"href":"https:\/\/immunodc.com\/hr\/wp-json\/wp\/v2\/media?parent=93"}],"curies":[{"name":"wp","href":"https:\/\/api.w.org\/{rel}","templated":true}]}}