{"id":7,"date":"2025-06-18T19:53:27","date_gmt":"2025-06-18T17:53:27","guid":{"rendered":"https:\/\/immunodc.com\/?page_id=7"},"modified":"2025-11-07T14:14:54","modified_gmt":"2025-11-07T13:14:54","slug":"otisak","status":"publish","type":"page","link":"https:\/\/immunodc.com\/hr\/otisak\/","title":{"rendered":"Otisak"},"content":{"rendered":"<div data-elementor-type=\"wp-post\" data-elementor-id=\"7\" class=\"elementor elementor-7\" data-elementor-post-type=\"page\">\n\t\t\t\t<div class=\"elementor-element elementor-element-7d6d23d e-flex e-con-boxed e-con e-parent\" data-id=\"7d6d23d\" data-element_type=\"container\" data-e-type=\"container\" data-settings=\"{&quot;background_background&quot;:&quot;classic&quot;}\">\n\t\t\t\t\t<div class=\"e-con-inner\">\n\t\t\t\t<div class=\"elementor-element elementor-element-0580d89 elementor-widget elementor-widget-heading\" data-id=\"0580d89\" data-element_type=\"widget\" data-e-type=\"widget\" data-widget_type=\"heading.default\">\n\t\t\t\t<div class=\"elementor-widget-container\">\n\t\t\t\t\t<h2 class=\"elementor-heading-title elementor-size-default\">Impresum \/ Pravna napomena<\/h2>\t\t\t\t<\/div>\n\t\t\t\t<\/div>\n\t\t\t\t<div class=\"elementor-element elementor-element-68f0be1 elementor-widget elementor-widget-text-editor\" data-id=\"68f0be1\" data-element_type=\"widget\" data-e-type=\"widget\" data-widget_type=\"text-editor.default\">\n\t\t\t\t<div class=\"elementor-widget-container\">\n\t\t\t\t\t\t\t\t\t<p style=\"text-align: center;\"><strong>Operater web stranice: <\/strong>BOWTRADE s.r.o.<\/p><p>Puno ime: <strong>BOWTRADE s.r.o.<\/strong><br \/>Zapovjedni\u0161tvo: <strong>Ru\u017ei\u010dasti gaj 937 <\/strong><strong>Dunajska Streda 929 01<\/strong> <br \/>Porezni broj: <strong>SK2122 433181<\/strong><br \/>Mati\u010dni broj tvrtke: <strong>56 792 191<\/strong> <br \/>Godina osnutka: <strong>2025<\/strong><br \/>Glavna djelatnost: <strong>Usluge administrativne i ekonomske organizacije<\/strong><\/p><p><br \/>Osoba ovla\u0161tena za zastupanje: <strong>Kazimer Gabor \u00a0<\/strong><br \/>Titula: <strong>Ru\u017ei\u010dasti gaj 937 <\/strong><strong>Dunajska Streda 929 0<\/strong><\/p><p>Kontakt:<br \/>E-po\u0161ta: <strong>info@immunodc.com<\/strong><br \/>Telefon: <strong>0918 744 983<\/strong><br \/>Web stranica: <strong><a href=\"https:\/\/immunodc.com\/hr\">https:\/\/immunodc.com<\/a><\/strong><\/p><p><strong>Odgovornost za sadr\u017eaj<\/strong><br \/>Sadr\u017eaj na web stranici pa\u017eljivo se provjerava i stalno a\u017eurira. Informacije na stranici slu\u017ee samo u informativne svrhe i ne predstavljaju medicinski ili pravni savjet. BOWTRADE sro ne odgovara za bilo kakve tipografske pogre\u0161ke, neto\u010dnosti ili pogre\u0161na tuma\u010denja sadr\u017eaja.<\/p><p><strong>Vanjske poveznice<\/strong><br \/>Na\u0161a web stranica mo\u017ee sadr\u017eavati poveznice na druge stranice kojima upravljaju tre\u0107e strane. Ne preuzimamo nikakvu odgovornost za njihov sadr\u017eaj. Operater povezane stranice uvijek je odgovoran za sadr\u017eaj povezane stranice.<\/p><p><strong>Autorska prava<\/strong><br \/>Tekstovi, slike, grafi\u010dki elementi, logotipi i dokumenti na web stranici intelektualno su vlasni\u0161tvo tvrtke BOWTRADE sro i za\u0161ti\u0107eni su autorskim pravima. Kopiranje, reprodukcija ili kori\u0161tenje sadr\u017eaja u bilo kojem obliku mogu\u0107e je samo uz pismeno dopu\u0161tenje autora. Dopu\u0161teno je privatno, nekomercijalno kori\u0161tenje sadr\u017eaja.<\/p><p><strong>Platforma za online rje\u0161avanje sporova<\/strong><br \/>Europska komisija nudi platformu za online rje\u0161avanje sporova kojoj se mo\u017ee pristupiti na sljede\u0107oj poveznici:<br \/><a href=\"https:\/\/ec.europa.eu\/consumers\/odr\" rel=\"nofollow\">https:\/\/ec.europa.eu\/consumers\/odr<\/a><br \/>Na\u0161u adresu e-po\u0161te mo\u017eete prona\u0107i u kontaktnim podacima iznad.<\/p><p><strong>Rje\u0161avanje potro\u0161a\u010dkih sporova<\/strong><br \/>BOWTRADE ne sudjeluje u postupcima alternativnog rje\u0161avanja potro\u0161a\u010dkih sporova i nije obvezan to \u010diniti.<\/p>\t\t\t\t\t\t\t\t<\/div>\n\t\t\t\t<\/div>\n\t\t\t\t\t<\/div>\n\t\t\t\t<\/div>\n\t\t\t\t<\/div>","protected":false},"excerpt":{"rendered":"<p>Impresszum \/ Jogi nyilatkozat A weboldal \u00fczemeltet\u0151je: BOWTRADE s.r.o. Teljes n\u00e9v: BOWTRADE s.r.o.Sz\u00e9khely: Ru\u017eov\u00fd h\u00e1j 937 Dunajsk\u00e1 Streda 929 01 Ad\u00f3sz\u00e1m: SK2122 433181C\u00e9gjegyz\u00e9ksz\u00e1m: 56 792 191 Alap\u00edt\u00e1s \u00e9ve: 2025F\u0151tev\u00e9kenys\u00e9g: Adminisztrat\u00edv \u00e9s gazdas\u00e1gi szervez\u00e9si szolg\u00e1ltat\u00e1sok K\u00e9pviseletre jogosult szem\u00e9ly: G\u00e1bor Kazsim\u00e9r \u00a0C\u00edm: Ru\u017eov\u00fd h\u00e1j 937 Dunajsk\u00e1 Streda 929 0 Kapcsolat:E-mail: <a href=\"mailto:info@immunodc.comTelefon\">info@immunodc.comTelefon<\/a>: 0918 744 983Weboldal: <a href=\"https:\/\/immunodc.com\">https:\/\/immunodc.com<\/a> Felel\u0151ss\u00e9g a [&hellip;]<\/p>\n","protected":false},"author":254324096,"featured_media":0,"parent":0,"menu_order":0,"comment_status":"closed","ping_status":"closed","template":"page-templates\/template-pagebuilder-full-width.php","meta":{"_angie_page":false,"_crdt_document":"","content-type":"","footnotes":""},"class_list":["post-7","page","type-page","status-publish","hentry"],"yoast_head":"<!-- This site is optimized with the Yoast SEO plugin v27.4 - https:\/\/yoast.com\/product\/yoast-seo-wordpress\/ -->\n<title>Impresszum -<\/title>\n<meta name=\"robots\" content=\"index, follow, max-snippet:-1, max-image-preview:large, max-video-preview:-1\" \/>\n<link rel=\"canonical\" href=\"https:\/\/immunodc.com\/hr\/otisak\/\" \/>\n<meta property=\"og:locale\" content=\"hr_HR\" \/>\n<meta property=\"og:type\" content=\"article\" \/>\n<meta property=\"og:title\" content=\"Impresszum -\" \/>\n<meta property=\"og:description\" content=\"Impresszum \/ Jogi nyilatkozat A weboldal \u00fczemeltet\u0151je: BOWTRADE s.r.o. Teljes n\u00e9v: BOWTRADE s.r.o.Sz\u00e9khely: Ru\u017eov\u00fd h\u00e1j 937 Dunajsk\u00e1 Streda 929 01 Ad\u00f3sz\u00e1m: SK2122 433181C\u00e9gjegyz\u00e9ksz\u00e1m: 56 792 191 Alap\u00edt\u00e1s \u00e9ve: 2025F\u0151tev\u00e9kenys\u00e9g: Adminisztrat\u00edv \u00e9s gazdas\u00e1gi szervez\u00e9si szolg\u00e1ltat\u00e1sok K\u00e9pviseletre jogosult szem\u00e9ly: G\u00e1bor Kazsim\u00e9r \u00a0C\u00edm: Ru\u017eov\u00fd h\u00e1j 937 Dunajsk\u00e1 Streda 929 0 Kapcsolat:E-mail: info@immunodc.comTelefon: 0918 744 983Weboldal: https:\/\/immunodc.com Felel\u0151ss\u00e9g a [&hellip;]\" \/>\n<meta property=\"og:url\" content=\"https:\/\/immunodc.com\/hr\/otisak\/\" \/>\n<meta property=\"article:modified_time\" content=\"2025-11-07T13:14:54+00:00\" \/>\n<meta property=\"og:image\" content=\"https:\/\/immunodc.com\/wp-content\/uploads\/2025\/06\/WhatsApp-Image-2025-06-03-at-13.38.24.webp\" \/>\n\t<meta property=\"og:image:width\" content=\"1024\" \/>\n\t<meta property=\"og:image:height\" content=\"1024\" \/>\n\t<meta property=\"og:image:type\" content=\"image\/webp\" \/>\n<meta name=\"twitter:card\" content=\"summary_large_image\" \/>\n<meta name=\"twitter:label1\" content=\"Procijenjeno vrijeme \u010ditanja\" \/>\n\t<meta name=\"twitter:data1\" content=\"2 minute\" \/>\n<script type=\"application\/ld+json\" class=\"yoast-schema-graph\">{\"@context\":\"https:\\\/\\\/schema.org\",\"@graph\":[{\"@type\":\"WebPage\",\"@id\":\"https:\\\/\\\/immunodc.com\\\/impresszum\\\/\",\"url\":\"https:\\\/\\\/immunodc.com\\\/impresszum\\\/\",\"name\":\"Impresszum -\",\"isPartOf\":{\"@id\":\"https:\\\/\\\/immunodc.com\\\/#website\"},\"datePublished\":\"2025-06-18T17:53:27+00:00\",\"dateModified\":\"2025-11-07T13:14:54+00:00\",\"breadcrumb\":{\"@id\":\"https:\\\/\\\/immunodc.com\\\/impresszum\\\/#breadcrumb\"},\"inLanguage\":\"hr\",\"potentialAction\":[{\"@type\":\"ReadAction\",\"target\":[\"https:\\\/\\\/immunodc.com\\\/impresszum\\\/\"]}]},{\"@type\":\"BreadcrumbList\",\"@id\":\"https:\\\/\\\/immunodc.com\\\/impresszum\\\/#breadcrumb\",\"itemListElement\":[{\"@type\":\"ListItem\",\"position\":1,\"name\":\"Kezd\u0151lap\",\"item\":\"https:\\\/\\\/immunodc.com\\\/\"},{\"@type\":\"ListItem\",\"position\":2,\"name\":\"Impresszum\"}]},{\"@type\":\"WebSite\",\"@id\":\"https:\\\/\\\/immunodc.com\\\/#website\",\"url\":\"https:\\\/\\\/immunodc.com\\\/\",\"name\":\"\",\"description\":\"Az ImmunoDC megb\u00edzhat\u00f3 partnere az innovat\u00edv daganatkezel\u00e9sekhez vezet\u0151 \u00faton.\",\"potentialAction\":[{\"@type\":\"SearchAction\",\"target\":{\"@type\":\"EntryPoint\",\"urlTemplate\":\"https:\\\/\\\/immunodc.com\\\/?s={search_term_string}\"},\"query-input\":{\"@type\":\"PropertyValueSpecification\",\"valueRequired\":true,\"valueName\":\"search_term_string\"}}],\"inLanguage\":\"hr\"}]}<\/script>\n<!-- \/ Yoast SEO plugin. -->","yoast_head_json":{"title":"Impresszum -","robots":{"index":"index","follow":"follow","max-snippet":"max-snippet:-1","max-image-preview":"max-image-preview:large","max-video-preview":"max-video-preview:-1"},"canonical":"https:\/\/immunodc.com\/hr\/otisak\/","og_locale":"hr_HR","og_type":"article","og_title":"Impresszum -","og_description":"Impresszum \/ Jogi nyilatkozat A weboldal \u00fczemeltet\u0151je: BOWTRADE s.r.o. Teljes n\u00e9v: BOWTRADE s.r.o.Sz\u00e9khely: Ru\u017eov\u00fd h\u00e1j 937 Dunajsk\u00e1 Streda 929 01 Ad\u00f3sz\u00e1m: SK2122 433181C\u00e9gjegyz\u00e9ksz\u00e1m: 56 792 191 Alap\u00edt\u00e1s \u00e9ve: 2025F\u0151tev\u00e9kenys\u00e9g: Adminisztrat\u00edv \u00e9s gazdas\u00e1gi szervez\u00e9si szolg\u00e1ltat\u00e1sok K\u00e9pviseletre jogosult szem\u00e9ly: G\u00e1bor Kazsim\u00e9r \u00a0C\u00edm: Ru\u017eov\u00fd h\u00e1j 937 Dunajsk\u00e1 Streda 929 0 Kapcsolat:E-mail: info@immunodc.comTelefon: 0918 744 983Weboldal: https:\/\/immunodc.com Felel\u0151ss\u00e9g a [&hellip;]","og_url":"https:\/\/immunodc.com\/hr\/otisak\/","article_modified_time":"2025-11-07T13:14:54+00:00","og_image":[{"width":1024,"height":1024,"url":"https:\/\/immunodc.com\/wp-content\/uploads\/2025\/06\/WhatsApp-Image-2025-06-03-at-13.38.24.webp","type":"image\/webp"}],"twitter_card":"summary_large_image","twitter_misc":{"Procijenjeno vrijeme \u010ditanja":"2 minute"},"schema":{"@context":"https:\/\/schema.org","@graph":[{"@type":"WebPage","@id":"https:\/\/immunodc.com\/impresszum\/","url":"https:\/\/immunodc.com\/impresszum\/","name":"Impresszum -","isPartOf":{"@id":"https:\/\/immunodc.com\/#website"},"datePublished":"2025-06-18T17:53:27+00:00","dateModified":"2025-11-07T13:14:54+00:00","breadcrumb":{"@id":"https:\/\/immunodc.com\/impresszum\/#breadcrumb"},"inLanguage":"hr","potentialAction":[{"@type":"ReadAction","target":["https:\/\/immunodc.com\/impresszum\/"]}]},{"@type":"BreadcrumbList","@id":"https:\/\/immunodc.com\/impresszum\/#breadcrumb","itemListElement":[{"@type":"ListItem","position":1,"name":"Kezd\u0151lap","item":"https:\/\/immunodc.com\/"},{"@type":"ListItem","position":2,"name":"Impresszum"}]},{"@type":"WebSite","@id":"https:\/\/immunodc.com\/#website","url":"https:\/\/immunodc.com\/","name":"","description":"ImmunoDC je va\u0161 pouzdani partner na putu do inovativnih tretmana raka.","potentialAction":[{"@type":"SearchAction","target":{"@type":"EntryPoint","urlTemplate":"https:\/\/immunodc.com\/?s={search_term_string}"},"query-input":{"@type":"PropertyValueSpecification","valueRequired":true,"valueName":"search_term_string"}}],"inLanguage":"hr"}]}},"_links":{"self":[{"href":"https:\/\/immunodc.com\/hr\/wp-json\/wp\/v2\/pages\/7","targetHints":{"allow":["GET"]}}],"collection":[{"href":"https:\/\/immunodc.com\/hr\/wp-json\/wp\/v2\/pages"}],"about":[{"href":"https:\/\/immunodc.com\/hr\/wp-json\/wp\/v2\/types\/page"}],"author":[{"embeddable":true,"href":"https:\/\/immunodc.com\/hr\/wp-json\/wp\/v2\/users\/254324096"}],"replies":[{"embeddable":true,"href":"https:\/\/immunodc.com\/hr\/wp-json\/wp\/v2\/comments?post=7"}],"version-history":[{"count":44,"href":"https:\/\/immunodc.com\/hr\/wp-json\/wp\/v2\/pages\/7\/revisions"}],"predecessor-version":[{"id":919,"href":"https:\/\/immunodc.com\/hr\/wp-json\/wp\/v2\/pages\/7\/revisions\/919"}],"wp:attachment":[{"href":"https:\/\/immunodc.com\/hr\/wp-json\/wp\/v2\/media?parent=7"}],"curies":[{"name":"wp","href":"https:\/\/api.w.org\/{rel}","templated":true}]}}