{"id":1345,"date":"2026-03-22T11:12:16","date_gmt":"2026-03-22T10:12:16","guid":{"rendered":"https:\/\/immunodc.com\/?page_id=1345"},"modified":"2026-03-23T14:49:26","modified_gmt":"2026-03-23T13:49:26","slug":"konzultacio","status":"publish","type":"page","link":"https:\/\/immunodc.com\/en\/konzultacio\/","title":{"rendered":"Ingyenes konzult\u00e1ci\u00f3"},"content":{"rendered":"\t\t<div data-elementor-type=\"wp-page\" data-elementor-id=\"1345\" class=\"elementor elementor-1345\" data-elementor-post-type=\"page\">\n\t\t\t\t<div class=\"elementor-element elementor-element-57b6b65 e-flex e-con-boxed e-con e-parent\" data-id=\"57b6b65\" data-element_type=\"container\" data-e-type=\"container\">\n\t\t\t\t\t<div class=\"e-con-inner\">\n\t\t<div class=\"elementor-element elementor-element-55f9307 e-con-full e-flex e-con e-child\" data-id=\"55f9307\" data-element_type=\"container\" data-e-type=\"container\">\n\t\t\t\t<div class=\"elementor-element elementor-element-24d8369 elementor-widget elementor-widget-heading\" data-id=\"24d8369\" data-element_type=\"widget\" data-e-type=\"widget\" data-widget_type=\"heading.default\">\n\t\t\t\t<div class=\"elementor-widget-container\">\n\t\t\t\t\t<h2 class=\"elementor-heading-title elementor-size-default\">Ingyenes konzult\u00e1ci\u00f3\na dendritikus\nsejtter\u00e1pi\u00e1r\u00f3l<\/h2>\t\t\t\t<\/div>\n\t\t\t\t<\/div>\n\t\t\t\t<\/div>\n\t\t<div class=\"elementor-element elementor-element-0bb1523 e-con-full e-flex e-con e-child\" data-id=\"0bb1523\" data-element_type=\"container\" data-e-type=\"container\">\n\t\t<div class=\"elementor-element elementor-element-c30333d e-con-full e-flex e-con e-child\" data-id=\"c30333d\" data-element_type=\"container\" data-e-type=\"container\">\n\t\t\t\t<div class=\"elementor-element elementor-element-d69093b elementor-widget elementor-widget-text-editor\" data-id=\"d69093b\" data-element_type=\"widget\" data-e-type=\"widget\" data-widget_type=\"text-editor.default\">\n\t\t\t\t<div class=\"elementor-widget-container\">\n\t\t\t\t\t\t\t\t\t<p>Szeretne t\u00f6bbet megtudni, vagy k\u00e9rd\u00e9se van?<br data-start=\"1650\" data-end=\"1653\" \/>Egyeztet\u00fcnk \u00d6nnel egy id\u0151pontot.<\/p><p>K\u00e9rj\u00fck, t\u00f6ltse ki az al\u00e1bbi \u0171rlapot, \u00e9s 24 \u00f3r\u00e1n bel\u00fcl felvessz\u00fck \u00d6nnel a kapcsolatot. A kapcsolatfelv\u00e9tel d\u00edjmentes \u00e9s k\u00f6telezetts\u00e9gmentes.<\/p>\t\t\t\t\t\t\t\t<\/div>\n\t\t\t\t<\/div>\n\t\t\t\t<div class=\"elementor-element elementor-element-a1cb035 elementor-widget__width-initial elementor-button-align-stretch elementor-widget elementor-widget-form\" data-id=\"a1cb035\" data-element_type=\"widget\" data-e-type=\"widget\" data-settings=\"{&quot;step_next_label&quot;:&quot;K\\u00f6vetkez\\u0151&quot;,&quot;step_previous_label&quot;:&quot;El\\u0151z\\u0151&quot;,&quot;button_width&quot;:&quot;100&quot;,&quot;step_type&quot;:&quot;number_text&quot;,&quot;step_icon_shape&quot;:&quot;circle&quot;}\" data-widget_type=\"form.default\">\n\t\t\t\t<div class=\"elementor-widget-container\">\n\t\t\t\t\t\t\t<form class=\"elementor-form\" method=\"post\" name=\"Konzult\u00e1ci\u00f3\" aria-label=\"Konzult\u00e1ci\u00f3\">\n\t\t\t<input type=\"hidden\" name=\"post_id\" value=\"1345\"\/>\n\t\t\t<input type=\"hidden\" name=\"form_id\" value=\"a1cb035\"\/>\n\t\t\t<input type=\"hidden\" name=\"referer_title\" value=\"\" \/>\n\n\t\t\t\n\t\t\t<div class=\"elementor-form-fields-wrapper elementor-labels-above\">\n\t\t\t\t\t\t\t\t<div class=\"elementor-field-type-text elementor-field-group elementor-column elementor-field-group-name elementor-col-100 elementor-field-required elementor-mark-required\">\n\t\t\t\t\t\t\t\t\t\t\t\t<label for=\"form-field-name\" class=\"elementor-field-label\">\n\t\t\t\t\t\t\t\tN\u00e9v\t\t\t\t\t\t\t<\/label>\n\t\t\t\t\t\t\t\t\t\t\t\t\t\t<input size=\"1\" type=\"text\" name=\"form_fields[name]\" id=\"form-field-name\" class=\"elementor-field elementor-size-sm  elementor-field-textual\" placeholder=\"N\u00e9v\" required=\"required\">\n\t\t\t\t\t\t\t\t\t\t\t<\/div>\n\t\t\t\t\t\t\t\t<div class=\"elementor-field-type-email elementor-field-group elementor-column elementor-field-group-email elementor-col-100 elementor-field-required elementor-mark-required\">\n\t\t\t\t\t\t\t\t\t\t\t\t<label for=\"form-field-email\" class=\"elementor-field-label\">\n\t\t\t\t\t\t\t\tEmail\t\t\t\t\t\t\t<\/label>\n\t\t\t\t\t\t\t\t\t\t\t\t\t\t<input size=\"1\" type=\"email\" name=\"form_fields[email]\" id=\"form-field-email\" class=\"elementor-field elementor-size-sm  elementor-field-textual\" placeholder=\"Email\" required=\"required\">\n\t\t\t\t\t\t\t\t\t\t\t<\/div>\n\t\t\t\t\t\t\t\t<div class=\"elementor-field-type-text elementor-field-group elementor-column elementor-field-group-message elementor-col-100 elementor-field-required elementor-mark-required\">\n\t\t\t\t\t\t\t\t\t\t\t\t<label for=\"form-field-message\" class=\"elementor-field-label\">\n\t\t\t\t\t\t\t\tTelefonsz\u00e1m\t\t\t\t\t\t\t<\/label>\n\t\t\t\t\t\t\t\t\t\t\t\t\t\t<input size=\"1\" type=\"text\" name=\"form_fields[message]\" id=\"form-field-message\" class=\"elementor-field elementor-size-sm  elementor-field-textual\" placeholder=\"+36 70 123 4567\" required=\"required\">\n\t\t\t\t\t\t\t\t\t\t\t<\/div>\n\t\t\t\t\t\t\t\t<div class=\"elementor-field-type-textarea elementor-field-group elementor-column elementor-field-group-field_7243f7e elementor-col-100\">\n\t\t\t\t\t\t\t\t\t\t\t\t<label for=\"form-field-field_7243f7e\" class=\"elementor-field-label\">\n\t\t\t\t\t\t\t\t\u00dczenet\t\t\t\t\t\t\t<\/label>\n\t\t\t\t\t\t<textarea class=\"elementor-field-textual elementor-field  elementor-size-sm\" name=\"form_fields[field_7243f7e]\" id=\"form-field-field_7243f7e\" rows=\"4\" placeholder=\"\u00cdrja meg r\u00f6viden k\u00e9rd\u00e9s\u00e9t vagy jelenlegi helyzet\u00e9t\u2026\"><\/textarea>\t\t\t\t<\/div>\n\t\t\t\t\t\t\t\t<div class=\"elementor-field-group elementor-column elementor-field-type-submit elementor-col-100 e-form__buttons\">\n\t\t\t\t\t<button class=\"elementor-button elementor-size-sm\" type=\"submit\">\n\t\t\t\t\t\t<span class=\"elementor-button-content-wrapper\">\n\t\t\t\t\t\t\t\t\t\t\t\t\t\t\t\t\t\t\t\t\t\t<span class=\"elementor-button-text\">Ingyenes konzult\u00e1ci\u00f3 k\u00e9r\u00e9se<\/span>\n\t\t\t\t\t\t\t\t\t\t\t\t\t<\/span>\n\t\t\t\t\t<\/button>\n\t\t\t\t<\/div>\n\t\t\t<\/div>\n\t\t<\/form>\n\t\t\t\t\t\t<\/div>\n\t\t\t\t<\/div>\n\t\t\t\t<div class=\"elementor-element elementor-element-e26418f elementor-widget elementor-widget-text-editor\" data-id=\"e26418f\" data-element_type=\"widget\" data-e-type=\"widget\" data-widget_type=\"text-editor.default\">\n\t\t\t\t<div class=\"elementor-widget-container\">\n\t\t\t\t\t\t\t\t\t<p>A * jel\u00f6lt mez\u0151k kit\u00f6lt\u00e9se sz\u00fcks\u00e9ges.<br \/><em>Az \u00d6n adatait bizalmasan kezelj\u00fck, \u00e9s kiz\u00e1r\u00f3lag a kapcsolatfelv\u00e9tel c\u00e9lj\u00e1ra haszn\u00e1ljuk fel.<\/em><\/p>\t\t\t\t\t\t\t\t<\/div>\n\t\t\t\t<\/div>\n\t\t\t\t<\/div>\n\t\t<div class=\"elementor-element elementor-element-f7ccf38 e-con-full e-flex e-con e-child\" data-id=\"f7ccf38\" data-element_type=\"container\" data-e-type=\"container\">\n\t\t\t\t<div class=\"elementor-element elementor-element-28c91e9 elementor-hidden-mobile elementor-widget elementor-widget-spacer\" data-id=\"28c91e9\" data-element_type=\"widget\" data-e-type=\"widget\" data-widget_type=\"spacer.default\">\n\t\t\t\t<div class=\"elementor-widget-container\">\n\t\t\t\t\t\t\t<div class=\"elementor-spacer\">\n\t\t\t<div class=\"elementor-spacer-inner\"><\/div>\n\t\t<\/div>\n\t\t\t\t\t\t<\/div>\n\t\t\t\t<\/div>\n\t\t\t\t<div class=\"elementor-element elementor-element-aa0b445 elementor-invisible elementor-widget elementor-widget-image\" data-id=\"aa0b445\" data-element_type=\"widget\" data-e-type=\"widget\" data-settings=\"{&quot;_animation&quot;:&quot;fadeInUp&quot;}\" data-widget_type=\"image.default\">\n\t\t\t\t<div class=\"elementor-widget-container\">\n\t\t\t\t\t\t\t\t\t\t\t\t\t\t\t<img fetchpriority=\"high\" decoding=\"async\" width=\"800\" height=\"534\" src=\"https:\/\/immunodc.com\/wp-content\/uploads\/2026\/03\/ChatGPT-Image-2026.-marc.-22.-10_35_11-1024x683.png\" class=\"attachment-large size-large wp-image-1350\" alt=\"\" srcset=\"https:\/\/immunodc.com\/wp-content\/uploads\/2026\/03\/ChatGPT-Image-2026.-marc.-22.-10_35_11-1024x683.png 1024w, https:\/\/immunodc.com\/wp-content\/uploads\/2026\/03\/ChatGPT-Image-2026.-marc.-22.-10_35_11-300x200.png 300w, https:\/\/immunodc.com\/wp-content\/uploads\/2026\/03\/ChatGPT-Image-2026.-marc.-22.-10_35_11-768x512.png 768w, https:\/\/immunodc.com\/wp-content\/uploads\/2026\/03\/ChatGPT-Image-2026.-marc.-22.-10_35_11-18x12.png 18w, https:\/\/immunodc.com\/wp-content\/uploads\/2026\/03\/ChatGPT-Image-2026.-marc.-22.-10_35_11.webp 1536w\" sizes=\"(max-width: 800px) 100vw, 800px\" \/>\t\t\t\t\t\t\t\t\t\t\t\t\t\t\t<\/div>\n\t\t\t\t<\/div>\n\t\t\t\t<\/div>\n\t\t\t\t<\/div>\n\t\t\t\t<div class=\"elementor-element elementor-element-2ac5c7b elementor-widget elementor-widget-text-editor\" data-id=\"2ac5c7b\" data-element_type=\"widget\" data-e-type=\"widget\" data-widget_type=\"text-editor.default\">\n\t\t\t\t<div class=\"elementor-widget-container\">\n\t\t\t\t\t\t\t\t\t<p><a href=\"\/\">\u2190 Vissza a f\u0151oldalra<\/a><\/p>\t\t\t\t\t\t\t\t<\/div>\n\t\t\t\t<\/div>\n\t\t\t\t\t<\/div>\n\t\t\t\t<\/div>\n\t\t\t\t<\/div>\n\t\t","protected":false},"excerpt":{"rendered":"<p>Ingyenes konzult\u00e1ci\u00f3 a dendritikus sejtter\u00e1pi\u00e1r\u00f3l Szeretne t\u00f6bbet megtudni, vagy k\u00e9rd\u00e9se van?Egyeztet\u00fcnk \u00d6nnel egy id\u0151pontot. K\u00e9rj\u00fck, t\u00f6ltse ki az al\u00e1bbi \u0171rlapot, \u00e9s 24 \u00f3r\u00e1n bel\u00fcl felvessz\u00fck \u00d6nnel a kapcsolatot. A kapcsolatfelv\u00e9tel d\u00edjmentes \u00e9s k\u00f6telezetts\u00e9gmentes. A * jel\u00f6lt mez\u0151k kit\u00f6lt\u00e9se sz\u00fcks\u00e9ges.Az \u00d6n adatait bizalmasan kezelj\u00fck, \u00e9s kiz\u00e1r\u00f3lag a kapcsolatfelv\u00e9tel c\u00e9lj\u00e1ra haszn\u00e1ljuk fel. \u2190 Vissza a f\u0151oldalra<\/p>","protected":false},"author":254324096,"featured_media":0,"parent":0,"menu_order":0,"comment_status":"closed","ping_status":"closed","template":"","meta":{"_angie_page":false,"_crdt_document":"","content-type":"","footnotes":""},"class_list":["post-1345","page","type-page","status-publish","hentry"],"yoast_head":"<!-- This site is optimized with the Yoast SEO plugin v27.4 - https:\/\/yoast.com\/product\/yoast-seo-wordpress\/ -->\n<title>Ingyenes konzult\u00e1ci\u00f3 -<\/title>\n<meta name=\"robots\" content=\"index, follow, max-snippet:-1, max-image-preview:large, max-video-preview:-1\" \/>\n<link rel=\"canonical\" href=\"https:\/\/immunodc.com\/en\/konzultacio\/\" \/>\n<meta property=\"og:locale\" content=\"en_GB\" \/>\n<meta property=\"og:type\" content=\"article\" \/>\n<meta property=\"og:title\" content=\"Ingyenes konzult\u00e1ci\u00f3 -\" \/>\n<meta property=\"og:description\" content=\"Ingyenes konzult\u00e1ci\u00f3 a dendritikus sejtter\u00e1pi\u00e1r\u00f3l Szeretne t\u00f6bbet megtudni, vagy k\u00e9rd\u00e9se van?Egyeztet\u00fcnk \u00d6nnel egy id\u0151pontot. K\u00e9rj\u00fck, t\u00f6ltse ki az al\u00e1bbi \u0171rlapot, \u00e9s 24 \u00f3r\u00e1n bel\u00fcl felvessz\u00fck \u00d6nnel a kapcsolatot. A kapcsolatfelv\u00e9tel d\u00edjmentes \u00e9s k\u00f6telezetts\u00e9gmentes. A * jel\u00f6lt mez\u0151k kit\u00f6lt\u00e9se sz\u00fcks\u00e9ges.Az \u00d6n adatait bizalmasan kezelj\u00fck, \u00e9s kiz\u00e1r\u00f3lag a kapcsolatfelv\u00e9tel c\u00e9lj\u00e1ra haszn\u00e1ljuk fel. \u2190 Vissza a f\u0151oldalra\" \/>\n<meta property=\"og:url\" content=\"https:\/\/immunodc.com\/en\/konzultacio\/\" \/>\n<meta property=\"article:modified_time\" content=\"2026-03-23T13:49:26+00:00\" \/>\n<meta property=\"og:image\" content=\"https:\/\/immunodc.com\/wp-content\/uploads\/2026\/03\/ChatGPT-Image-2026.-marc.-22.-10_35_11.webp\" \/>\n\t<meta property=\"og:image:width\" content=\"1536\" \/>\n\t<meta property=\"og:image:height\" content=\"1024\" \/>\n\t<meta property=\"og:image:type\" content=\"image\/webp\" \/>\n<meta name=\"twitter:card\" content=\"summary_large_image\" \/>\n<meta name=\"twitter:label1\" content=\"Estimated reading time\" \/>\n\t<meta name=\"twitter:data1\" content=\"1 minute\" \/>\n<script type=\"application\/ld+json\" class=\"yoast-schema-graph\">{\"@context\":\"https:\\\/\\\/schema.org\",\"@graph\":[{\"@type\":\"WebPage\",\"@id\":\"https:\\\/\\\/immunodc.com\\\/konzultacio\\\/\",\"url\":\"https:\\\/\\\/immunodc.com\\\/konzultacio\\\/\",\"name\":\"Ingyenes konzult\u00e1ci\u00f3 -\",\"isPartOf\":{\"@id\":\"https:\\\/\\\/immunodc.com\\\/#website\"},\"primaryImageOfPage\":{\"@id\":\"https:\\\/\\\/immunodc.com\\\/konzultacio\\\/#primaryimage\"},\"image\":{\"@id\":\"https:\\\/\\\/immunodc.com\\\/konzultacio\\\/#primaryimage\"},\"thumbnailUrl\":\"https:\\\/\\\/immunodc.com\\\/wp-content\\\/uploads\\\/2026\\\/03\\\/ChatGPT-Image-2026.-marc.-22.-10_35_11-1024x683.png\",\"datePublished\":\"2026-03-22T10:12:16+00:00\",\"dateModified\":\"2026-03-23T13:49:26+00:00\",\"breadcrumb\":{\"@id\":\"https:\\\/\\\/immunodc.com\\\/konzultacio\\\/#breadcrumb\"},\"inLanguage\":\"en-GB\",\"potentialAction\":[{\"@type\":\"ReadAction\",\"target\":[\"https:\\\/\\\/immunodc.com\\\/konzultacio\\\/\"]}]},{\"@type\":\"ImageObject\",\"inLanguage\":\"en-GB\",\"@id\":\"https:\\\/\\\/immunodc.com\\\/konzultacio\\\/#primaryimage\",\"url\":\"https:\\\/\\\/immunodc.com\\\/wp-content\\\/uploads\\\/2026\\\/03\\\/ChatGPT-Image-2026.-marc.-22.-10_35_11-1024x683.png\",\"contentUrl\":\"https:\\\/\\\/immunodc.com\\\/wp-content\\\/uploads\\\/2026\\\/03\\\/ChatGPT-Image-2026.-marc.-22.-10_35_11-1024x683.png\"},{\"@type\":\"BreadcrumbList\",\"@id\":\"https:\\\/\\\/immunodc.com\\\/konzultacio\\\/#breadcrumb\",\"itemListElement\":[{\"@type\":\"ListItem\",\"position\":1,\"name\":\"Kezd\u0151lap\",\"item\":\"https:\\\/\\\/immunodc.com\\\/\"},{\"@type\":\"ListItem\",\"position\":2,\"name\":\"Ingyenes konzult\u00e1ci\u00f3\"}]},{\"@type\":\"WebSite\",\"@id\":\"https:\\\/\\\/immunodc.com\\\/#website\",\"url\":\"https:\\\/\\\/immunodc.com\\\/\",\"name\":\"\",\"description\":\"Az ImmunoDC megb\u00edzhat\u00f3 partnere az innovat\u00edv daganatkezel\u00e9sekhez vezet\u0151 \u00faton.\",\"potentialAction\":[{\"@type\":\"SearchAction\",\"target\":{\"@type\":\"EntryPoint\",\"urlTemplate\":\"https:\\\/\\\/immunodc.com\\\/?s={search_term_string}\"},\"query-input\":{\"@type\":\"PropertyValueSpecification\",\"valueRequired\":true,\"valueName\":\"search_term_string\"}}],\"inLanguage\":\"en-GB\"}]}<\/script>\n<!-- \/ Yoast SEO plugin. -->","yoast_head_json":{"title":"Ingyenes konzult\u00e1ci\u00f3 -","robots":{"index":"index","follow":"follow","max-snippet":"max-snippet:-1","max-image-preview":"max-image-preview:large","max-video-preview":"max-video-preview:-1"},"canonical":"https:\/\/immunodc.com\/en\/konzultacio\/","og_locale":"en_GB","og_type":"article","og_title":"Ingyenes konzult\u00e1ci\u00f3 -","og_description":"Ingyenes konzult\u00e1ci\u00f3 a dendritikus sejtter\u00e1pi\u00e1r\u00f3l Szeretne t\u00f6bbet megtudni, vagy k\u00e9rd\u00e9se van?Egyeztet\u00fcnk \u00d6nnel egy id\u0151pontot. K\u00e9rj\u00fck, t\u00f6ltse ki az al\u00e1bbi \u0171rlapot, \u00e9s 24 \u00f3r\u00e1n bel\u00fcl felvessz\u00fck \u00d6nnel a kapcsolatot. A kapcsolatfelv\u00e9tel d\u00edjmentes \u00e9s k\u00f6telezetts\u00e9gmentes. A * jel\u00f6lt mez\u0151k kit\u00f6lt\u00e9se sz\u00fcks\u00e9ges.Az \u00d6n adatait bizalmasan kezelj\u00fck, \u00e9s kiz\u00e1r\u00f3lag a kapcsolatfelv\u00e9tel c\u00e9lj\u00e1ra haszn\u00e1ljuk fel. \u2190 Vissza a f\u0151oldalra","og_url":"https:\/\/immunodc.com\/en\/konzultacio\/","article_modified_time":"2026-03-23T13:49:26+00:00","og_image":[{"width":1536,"height":1024,"url":"https:\/\/immunodc.com\/wp-content\/uploads\/2026\/03\/ChatGPT-Image-2026.-marc.-22.-10_35_11.webp","type":"image\/webp"}],"twitter_card":"summary_large_image","twitter_misc":{"Estimated reading time":"1 minute"},"schema":{"@context":"https:\/\/schema.org","@graph":[{"@type":"WebPage","@id":"https:\/\/immunodc.com\/konzultacio\/","url":"https:\/\/immunodc.com\/konzultacio\/","name":"Ingyenes konzult\u00e1ci\u00f3 -","isPartOf":{"@id":"https:\/\/immunodc.com\/#website"},"primaryImageOfPage":{"@id":"https:\/\/immunodc.com\/konzultacio\/#primaryimage"},"image":{"@id":"https:\/\/immunodc.com\/konzultacio\/#primaryimage"},"thumbnailUrl":"https:\/\/immunodc.com\/wp-content\/uploads\/2026\/03\/ChatGPT-Image-2026.-marc.-22.-10_35_11-1024x683.png","datePublished":"2026-03-22T10:12:16+00:00","dateModified":"2026-03-23T13:49:26+00:00","breadcrumb":{"@id":"https:\/\/immunodc.com\/konzultacio\/#breadcrumb"},"inLanguage":"en-GB","potentialAction":[{"@type":"ReadAction","target":["https:\/\/immunodc.com\/konzultacio\/"]}]},{"@type":"ImageObject","inLanguage":"en-GB","@id":"https:\/\/immunodc.com\/konzultacio\/#primaryimage","url":"https:\/\/immunodc.com\/wp-content\/uploads\/2026\/03\/ChatGPT-Image-2026.-marc.-22.-10_35_11-1024x683.png","contentUrl":"https:\/\/immunodc.com\/wp-content\/uploads\/2026\/03\/ChatGPT-Image-2026.-marc.-22.-10_35_11-1024x683.png"},{"@type":"BreadcrumbList","@id":"https:\/\/immunodc.com\/konzultacio\/#breadcrumb","itemListElement":[{"@type":"ListItem","position":1,"name":"Kezd\u0151lap","item":"https:\/\/immunodc.com\/"},{"@type":"ListItem","position":2,"name":"Ingyenes konzult\u00e1ci\u00f3"}]},{"@type":"WebSite","@id":"https:\/\/immunodc.com\/#website","url":"https:\/\/immunodc.com\/","name":"","description":"ImmunoDC is your trusted partner on the road to innovative cancer treatments.","potentialAction":[{"@type":"SearchAction","target":{"@type":"EntryPoint","urlTemplate":"https:\/\/immunodc.com\/?s={search_term_string}"},"query-input":{"@type":"PropertyValueSpecification","valueRequired":true,"valueName":"search_term_string"}}],"inLanguage":"en-GB"}]}},"jetpack_sharing_enabled":true,"jetpack_shortlink":"https:\/\/wp.me\/PgAFcX-lH","jetpack-related-posts":[],"_links":{"self":[{"href":"https:\/\/immunodc.com\/en\/wp-json\/wp\/v2\/pages\/1345","targetHints":{"allow":["GET"]}}],"collection":[{"href":"https:\/\/immunodc.com\/en\/wp-json\/wp\/v2\/pages"}],"about":[{"href":"https:\/\/immunodc.com\/en\/wp-json\/wp\/v2\/types\/page"}],"author":[{"embeddable":true,"href":"https:\/\/immunodc.com\/en\/wp-json\/wp\/v2\/users\/254324096"}],"replies":[{"embeddable":true,"href":"https:\/\/immunodc.com\/en\/wp-json\/wp\/v2\/comments?post=1345"}],"version-history":[{"count":69,"href":"https:\/\/immunodc.com\/en\/wp-json\/wp\/v2\/pages\/1345\/revisions"}],"predecessor-version":[{"id":1599,"href":"https:\/\/immunodc.com\/en\/wp-json\/wp\/v2\/pages\/1345\/revisions\/1599"}],"wp:attachment":[{"href":"https:\/\/immunodc.com\/en\/wp-json\/wp\/v2\/media?parent=1345"}],"curies":[{"name":"wp","href":"https:\/\/api.w.org\/{rel}","templated":true}]}}