{"id":7,"date":"2025-06-18T19:53:27","date_gmt":"2025-06-18T17:53:27","guid":{"rendered":"https:\/\/immunodc.com\/?page_id=7"},"modified":"2025-11-07T14:14:54","modified_gmt":"2025-11-07T13:14:54","slug":"impressum","status":"publish","type":"page","link":"https:\/\/immunodc.com\/de\/impressum\/","title":{"rendered":"Impressum"},"content":{"rendered":"<div data-elementor-type=\"wp-post\" data-elementor-id=\"7\" class=\"elementor elementor-7\" data-elementor-post-type=\"page\">\n\t\t\t\t<div class=\"elementor-element elementor-element-7d6d23d e-flex e-con-boxed e-con e-parent\" data-id=\"7d6d23d\" data-element_type=\"container\" data-e-type=\"container\" data-settings=\"{&quot;background_background&quot;:&quot;classic&quot;}\">\n\t\t\t\t\t<div class=\"e-con-inner\">\n\t\t\t\t<div class=\"elementor-element elementor-element-0580d89 elementor-widget elementor-widget-heading\" data-id=\"0580d89\" data-element_type=\"widget\" data-e-type=\"widget\" data-widget_type=\"heading.default\">\n\t\t\t\t<div class=\"elementor-widget-container\">\n\t\t\t\t\t<h2 class=\"elementor-heading-title elementor-size-default\">Rechtliche Hinweise \/ Haftungsausschluss<\/h2>\t\t\t\t<\/div>\n\t\t\t\t<\/div>\n\t\t\t\t<div class=\"elementor-element elementor-element-68f0be1 elementor-widget elementor-widget-text-editor\" data-id=\"68f0be1\" data-element_type=\"widget\" data-e-type=\"widget\" data-widget_type=\"text-editor.default\">\n\t\t\t\t<div class=\"elementor-widget-container\">\n\t\t\t\t\t\t\t\t\t<p style=\"text-align: center;\"><strong>Der Betreiber der Website: <\/strong>BOWTRADE s.r.o.<\/p><p>Vollst\u00e4ndiger Name: <strong>BOWTRADE s.r.o.<\/strong><br \/>Sitz: <strong>Ru\u017eov\u00fd h\u00e1j 937 <\/strong><strong>Dunajsk\u00e1 Streda 929 01<\/strong> <br \/>Steuernummer: <strong>SK2122 433181<\/strong><br \/>Registrierungsnummer des Unternehmens: <strong>56 792 191<\/strong> <br \/>Jahr der Gr\u00fcndung: <strong>2025<\/strong><br \/>Hauptt\u00e4tigkeit: <strong>Administrative und betriebswirtschaftliche Dienstleistungen<\/strong><\/p><p><br \/>Vertretungsberechtigte Person: <strong>G\u00e1bor Kazsim\u00e9r \u00a0<\/strong><br \/>Titel: <strong>Ru\u017eov\u00fd h\u00e1j 937 <\/strong><strong>Dunajsk\u00e1 Streda 929 0<\/strong><\/p><p>Kontakt:<br \/>E-Mail: <strong>info@immunodc.com<\/strong><br \/>Telefon: <strong>0918 744 983<\/strong><br \/>Website: <strong><a href=\"https:\/\/immunodc.com\/de\">https:\/\/immunodc.com<\/a><\/strong><\/p><p><strong>Verantwortung f\u00fcr den Inhalt<\/strong><br \/>Die Inhalte dieser Website werden sorgf\u00e4ltig gepr\u00fcft und st\u00e4ndig aktualisiert. Die Informationen auf dieser Website dienen nur zu Informationszwecken und stellen keine medizinische oder rechtliche Beratung dar. BOWTRADE s.r.o. ist nicht verantwortlich f\u00fcr Druckfehler, Ungenauigkeiten oder Fehlinterpretationen des Inhalts.<\/p><p><strong>Externe Links<\/strong><br \/>Unsere Website kann Links zu anderen Websites enthalten, die von Dritten betrieben werden. Wir \u00fcbernehmen keine Verantwortung f\u00fcr den Inhalt dieser Seiten. F\u00fcr die Inhalte der verlinkten Seiten ist stets der jeweilige Anbieter oder Betreiber der Seiten verantwortlich.<\/p><p><strong>Urheberrecht<\/strong><br \/>Die Texte, Bilder, Grafiken, Logos, Dokumente auf dieser Website sind geistiges Eigentum der BOWTRADE s.r.o. und sind urheberrechtlich gesch\u00fctzt. Das Kopieren, Vervielf\u00e4ltigen oder Verwenden der Inhalte in jeglicher Form ist nur mit schriftlicher Genehmigung des Autors m\u00f6glich. Die private, nicht kommerzielle Nutzung der Inhalte ist erlaubt.<\/p><p><strong>Plattform zur Online-Streitbeilegung<\/strong><br \/>Die Europ\u00e4ische Kommission stellt eine Online-Plattform zur Streitbeilegung zur Verf\u00fcgung, die \u00fcber den folgenden Link aufgerufen werden kann:<br \/><a href=\"https:\/\/ec.europa.eu\/consumers\/odr\" rel=\"nofollow\">https:\/\/ec.europa.eu\/consumers\/odr<\/a><br \/>Unsere E-Mail-Adresse finden Sie in den obigen Kontaktinformationen.<\/p><p><strong>Beilegung von Verbraucherstreitigkeiten<\/strong><br \/>BOWTRADE s.r.o. nimmt nicht an alternativen Streitbeilegungsverfahren f\u00fcr Verbraucherstreitigkeiten teil und ist auch nicht dazu verpflichtet, dies zu tun.<\/p>\t\t\t\t\t\t\t\t<\/div>\n\t\t\t\t<\/div>\n\t\t\t\t\t<\/div>\n\t\t\t\t<\/div>\n\t\t\t\t<\/div>","protected":false},"excerpt":{"rendered":"<p>Impresszum \/ Jogi nyilatkozat A weboldal \u00fczemeltet\u0151je: BOWTRADE s.r.o. Teljes n\u00e9v: BOWTRADE s.r.o.Sz\u00e9khely: Ru\u017eov\u00fd h\u00e1j 937 Dunajsk\u00e1 Streda 929 01 Ad\u00f3sz\u00e1m: SK2122 433181C\u00e9gjegyz\u00e9ksz\u00e1m: 56 792 191 Alap\u00edt\u00e1s \u00e9ve: 2025F\u0151tev\u00e9kenys\u00e9g: Adminisztrat\u00edv \u00e9s gazdas\u00e1gi szervez\u00e9si szolg\u00e1ltat\u00e1sok K\u00e9pviseletre jogosult szem\u00e9ly: G\u00e1bor Kazsim\u00e9r \u00a0C\u00edm: Ru\u017eov\u00fd h\u00e1j 937 Dunajsk\u00e1 Streda 929 0 Kapcsolat:E-mail: <a href=\"mailto:info@immunodc.comTelefon\">info@immunodc.comTelefon<\/a>: 0918 744 983Weboldal: <a href=\"https:\/\/immunodc.com\">https:\/\/immunodc.com<\/a> Felel\u0151ss\u00e9g a [&hellip;]<\/p>\n","protected":false},"author":254324095,"featured_media":0,"parent":0,"menu_order":0,"comment_status":"closed","ping_status":"closed","template":"page-templates\/template-pagebuilder-full-width.php","meta":{"_angie_page":false,"_crdt_document":"","content-type":"","footnotes":""},"class_list":["post-7","page","type-page","status-publish","hentry"],"yoast_head":"<!-- This site is optimized with the Yoast SEO plugin v27.4 - https:\/\/yoast.com\/product\/yoast-seo-wordpress\/ -->\n<title>Impresszum -<\/title>\n<meta name=\"robots\" content=\"index, follow, max-snippet:-1, max-image-preview:large, max-video-preview:-1\" \/>\n<link rel=\"canonical\" href=\"https:\/\/immunodc.com\/de\/impressum\/\" \/>\n<meta property=\"og:locale\" content=\"de_DE\" \/>\n<meta property=\"og:type\" content=\"article\" \/>\n<meta property=\"og:title\" content=\"Impresszum -\" \/>\n<meta property=\"og:description\" content=\"Impresszum \/ Jogi nyilatkozat A weboldal \u00fczemeltet\u0151je: BOWTRADE s.r.o. Teljes n\u00e9v: BOWTRADE s.r.o.Sz\u00e9khely: Ru\u017eov\u00fd h\u00e1j 937 Dunajsk\u00e1 Streda 929 01 Ad\u00f3sz\u00e1m: SK2122 433181C\u00e9gjegyz\u00e9ksz\u00e1m: 56 792 191 Alap\u00edt\u00e1s \u00e9ve: 2025F\u0151tev\u00e9kenys\u00e9g: Adminisztrat\u00edv \u00e9s gazdas\u00e1gi szervez\u00e9si szolg\u00e1ltat\u00e1sok K\u00e9pviseletre jogosult szem\u00e9ly: G\u00e1bor Kazsim\u00e9r \u00a0C\u00edm: Ru\u017eov\u00fd h\u00e1j 937 Dunajsk\u00e1 Streda 929 0 Kapcsolat:E-mail: info@immunodc.comTelefon: 0918 744 983Weboldal: https:\/\/immunodc.com Felel\u0151ss\u00e9g a [&hellip;]\" \/>\n<meta property=\"og:url\" content=\"https:\/\/immunodc.com\/de\/impressum\/\" \/>\n<meta property=\"article:modified_time\" content=\"2025-11-07T13:14:54+00:00\" \/>\n<meta property=\"og:image\" content=\"https:\/\/immunodc.com\/wp-content\/uploads\/2025\/06\/WhatsApp-Image-2025-06-03-at-13.38.24.webp\" \/>\n\t<meta property=\"og:image:width\" content=\"1024\" \/>\n\t<meta property=\"og:image:height\" content=\"1024\" \/>\n\t<meta property=\"og:image:type\" content=\"image\/webp\" \/>\n<meta name=\"twitter:card\" content=\"summary_large_image\" \/>\n<meta name=\"twitter:label1\" content=\"Gesch\u00e4tzte Lesezeit\" \/>\n\t<meta name=\"twitter:data1\" content=\"2\u00a0Minuten\" \/>\n<script type=\"application\/ld+json\" class=\"yoast-schema-graph\">{\"@context\":\"https:\\\/\\\/schema.org\",\"@graph\":[{\"@type\":\"WebPage\",\"@id\":\"https:\\\/\\\/immunodc.com\\\/impresszum\\\/\",\"url\":\"https:\\\/\\\/immunodc.com\\\/impresszum\\\/\",\"name\":\"Impresszum -\",\"isPartOf\":{\"@id\":\"https:\\\/\\\/immunodc.com\\\/#website\"},\"datePublished\":\"2025-06-18T17:53:27+00:00\",\"dateModified\":\"2025-11-07T13:14:54+00:00\",\"breadcrumb\":{\"@id\":\"https:\\\/\\\/immunodc.com\\\/impresszum\\\/#breadcrumb\"},\"inLanguage\":\"de\",\"potentialAction\":[{\"@type\":\"ReadAction\",\"target\":[\"https:\\\/\\\/immunodc.com\\\/impresszum\\\/\"]}]},{\"@type\":\"BreadcrumbList\",\"@id\":\"https:\\\/\\\/immunodc.com\\\/impresszum\\\/#breadcrumb\",\"itemListElement\":[{\"@type\":\"ListItem\",\"position\":1,\"name\":\"Kezd\u0151lap\",\"item\":\"https:\\\/\\\/immunodc.com\\\/\"},{\"@type\":\"ListItem\",\"position\":2,\"name\":\"Impresszum\"}]},{\"@type\":\"WebSite\",\"@id\":\"https:\\\/\\\/immunodc.com\\\/#website\",\"url\":\"https:\\\/\\\/immunodc.com\\\/\",\"name\":\"\",\"description\":\"Az ImmunoDC megb\u00edzhat\u00f3 partnere az innovat\u00edv daganatkezel\u00e9sekhez vezet\u0151 \u00faton.\",\"potentialAction\":[{\"@type\":\"SearchAction\",\"target\":{\"@type\":\"EntryPoint\",\"urlTemplate\":\"https:\\\/\\\/immunodc.com\\\/?s={search_term_string}\"},\"query-input\":{\"@type\":\"PropertyValueSpecification\",\"valueRequired\":true,\"valueName\":\"search_term_string\"}}],\"inLanguage\":\"de\"}]}<\/script>\n<!-- \/ Yoast SEO plugin. -->","yoast_head_json":{"title":"Impresszum -","robots":{"index":"index","follow":"follow","max-snippet":"max-snippet:-1","max-image-preview":"max-image-preview:large","max-video-preview":"max-video-preview:-1"},"canonical":"https:\/\/immunodc.com\/de\/impressum\/","og_locale":"de_DE","og_type":"article","og_title":"Impresszum -","og_description":"Impresszum \/ Jogi nyilatkozat A weboldal \u00fczemeltet\u0151je: BOWTRADE s.r.o. Teljes n\u00e9v: BOWTRADE s.r.o.Sz\u00e9khely: Ru\u017eov\u00fd h\u00e1j 937 Dunajsk\u00e1 Streda 929 01 Ad\u00f3sz\u00e1m: SK2122 433181C\u00e9gjegyz\u00e9ksz\u00e1m: 56 792 191 Alap\u00edt\u00e1s \u00e9ve: 2025F\u0151tev\u00e9kenys\u00e9g: Adminisztrat\u00edv \u00e9s gazdas\u00e1gi szervez\u00e9si szolg\u00e1ltat\u00e1sok K\u00e9pviseletre jogosult szem\u00e9ly: G\u00e1bor Kazsim\u00e9r \u00a0C\u00edm: Ru\u017eov\u00fd h\u00e1j 937 Dunajsk\u00e1 Streda 929 0 Kapcsolat:E-mail: info@immunodc.comTelefon: 0918 744 983Weboldal: https:\/\/immunodc.com Felel\u0151ss\u00e9g a [&hellip;]","og_url":"https:\/\/immunodc.com\/de\/impressum\/","article_modified_time":"2025-11-07T13:14:54+00:00","og_image":[{"width":1024,"height":1024,"url":"https:\/\/immunodc.com\/wp-content\/uploads\/2025\/06\/WhatsApp-Image-2025-06-03-at-13.38.24.webp","type":"image\/webp"}],"twitter_card":"summary_large_image","twitter_misc":{"Gesch\u00e4tzte Lesezeit":"2\u00a0Minuten"},"schema":{"@context":"https:\/\/schema.org","@graph":[{"@type":"WebPage","@id":"https:\/\/immunodc.com\/impresszum\/","url":"https:\/\/immunodc.com\/impresszum\/","name":"Impresszum -","isPartOf":{"@id":"https:\/\/immunodc.com\/#website"},"datePublished":"2025-06-18T17:53:27+00:00","dateModified":"2025-11-07T13:14:54+00:00","breadcrumb":{"@id":"https:\/\/immunodc.com\/impresszum\/#breadcrumb"},"inLanguage":"de","potentialAction":[{"@type":"ReadAction","target":["https:\/\/immunodc.com\/impresszum\/"]}]},{"@type":"BreadcrumbList","@id":"https:\/\/immunodc.com\/impresszum\/#breadcrumb","itemListElement":[{"@type":"ListItem","position":1,"name":"Kezd\u0151lap","item":"https:\/\/immunodc.com\/"},{"@type":"ListItem","position":2,"name":"Impresszum"}]},{"@type":"WebSite","@id":"https:\/\/immunodc.com\/#website","url":"https:\/\/immunodc.com\/","name":"","description":"ImmunoDC ist Ihr zuverl\u00e4ssiger Partner auf dem Weg zu innovativen Krebsbehandlungen.","potentialAction":[{"@type":"SearchAction","target":{"@type":"EntryPoint","urlTemplate":"https:\/\/immunodc.com\/?s={search_term_string}"},"query-input":{"@type":"PropertyValueSpecification","valueRequired":true,"valueName":"search_term_string"}}],"inLanguage":"de"}]}},"jetpack_sharing_enabled":true,"jetpack_shortlink":"https:\/\/wp.me\/PgAFcX-7","jetpack-related-posts":[],"_links":{"self":[{"href":"https:\/\/immunodc.com\/de\/wp-json\/wp\/v2\/pages\/7","targetHints":{"allow":["GET"]}}],"collection":[{"href":"https:\/\/immunodc.com\/de\/wp-json\/wp\/v2\/pages"}],"about":[{"href":"https:\/\/immunodc.com\/de\/wp-json\/wp\/v2\/types\/page"}],"author":[{"embeddable":true,"href":"https:\/\/immunodc.com\/de\/wp-json\/wp\/v2\/users\/254324095"}],"replies":[{"embeddable":true,"href":"https:\/\/immunodc.com\/de\/wp-json\/wp\/v2\/comments?post=7"}],"version-history":[{"count":44,"href":"https:\/\/immunodc.com\/de\/wp-json\/wp\/v2\/pages\/7\/revisions"}],"predecessor-version":[{"id":919,"href":"https:\/\/immunodc.com\/de\/wp-json\/wp\/v2\/pages\/7\/revisions\/919"}],"wp:attachment":[{"href":"https:\/\/immunodc.com\/de\/wp-json\/wp\/v2\/media?parent=7"}],"curies":[{"name":"wp","href":"https:\/\/api.w.org\/{rel}","templated":true}]}}