{"id":7,"date":"2025-06-18T19:53:27","date_gmt":"2025-06-18T17:53:27","guid":{"rendered":"https:\/\/immunodc.com\/?page_id=7"},"modified":"2025-11-07T14:14:54","modified_gmt":"2025-11-07T13:14:54","slug":"%d8%a7%d9%84%d8%aa%d8%b1%d9%88%d9%8a%d8%b3%d8%a9","status":"publish","type":"page","link":"https:\/\/immunodc.com\/ar\/%d8%a7%d9%84%d8%aa%d8%b1%d9%88%d9%8a%d8%b3%d8%a9\/","title":{"rendered":"\u0627\u0644\u062a\u0631\u0648\u064a\u0633\u0629"},"content":{"rendered":"<div data-elementor-type=\"wp-post\" data-elementor-id=\"7\" class=\"elementor elementor-7\" data-elementor-post-type=\"page\">\n\t\t\t\t<div class=\"elementor-element elementor-element-7d6d23d e-flex e-con-boxed e-con e-parent\" data-id=\"7d6d23d\" data-element_type=\"container\" data-e-type=\"container\" data-settings=\"{&quot;background_background&quot;:&quot;classic&quot;}\">\n\t\t\t\t\t<div class=\"e-con-inner\">\n\t\t\t\t<div class=\"elementor-element elementor-element-0580d89 elementor-widget elementor-widget-heading\" data-id=\"0580d89\" data-element_type=\"widget\" data-e-type=\"widget\" data-widget_type=\"heading.default\">\n\t\t\t\t<div class=\"elementor-widget-container\">\n\t\t\t\t\t<h2 class=\"elementor-heading-title elementor-size-default\">\u0625\u0634\u0639\u0627\u0631 \u0642\u0627\u0646\u0648\u0646\u064a\/\u0625\u062e\u0644\u0627\u0621 \u0645\u0633\u0624\u0648\u0644\u064a\u0629 \u0642\u0627\u0646\u0648\u0646\u064a\u0629<\/h2>\t\t\t\t<\/div>\n\t\t\t\t<\/div>\n\t\t\t\t<div class=\"elementor-element elementor-element-68f0be1 elementor-widget elementor-widget-text-editor\" data-id=\"68f0be1\" data-element_type=\"widget\" data-e-type=\"widget\" data-widget_type=\"text-editor.default\">\n\t\t\t\t<div class=\"elementor-widget-container\">\n\t\t\t\t\t\t\t\t\t<p style=\"text-align: center;\"><strong>\u0645\u0634\u063a\u0644 \u0627\u0644\u0645\u0648\u0642\u0639 \u0627\u0644\u0625\u0644\u0643\u062a\u0631\u0648\u0646\u064a: <\/strong>BOWTRADE s.r.o.<\/p><p>\u0627\u0644\u0627\u0633\u0645 \u0627\u0644\u0643\u0627\u0645\u0644: <strong>BOWTRADE s.r.o.<\/strong><br \/>\u0627\u0644\u0645\u0642\u0639\u062f: <strong>Ru\u017eov\u00fd h\u00e1j 937 <\/strong><strong>Dunajsk\u00e1 Streda 929 01<\/strong> <br \/>\u0627\u0644\u0631\u0642\u0645 \u0627\u0644\u0636\u0631\u064a\u0628\u064a <strong>SK2122 433181 433181<\/strong><br \/>\u0631\u0642\u0645 \u062a\u0633\u062c\u064a\u0644 \u0627\u0644\u0634\u0631\u0643\u0629: <strong>56 792 191<\/strong> <br \/>\u0633\u0646\u0629 \u0627\u0644\u062a\u0623\u0633\u064a\u0633: <strong>2025<\/strong><br \/>\u0627\u0644\u0646\u0634\u0627\u0637 \u0627\u0644\u0631\u0626\u064a\u0633\u064a: <strong>\u0627\u0644\u062e\u062f\u0645\u0627\u062a \u0627\u0644\u0625\u062f\u0627\u0631\u064a\u0629 \u0648\u0625\u062f\u0627\u0631\u0629 \u0627\u0644\u0623\u0639\u0645\u0627\u0644<\/strong><\/p><p><br \/>\u0627\u0644\u0634\u062e\u0635 \u0627\u0644\u0645\u062e\u0648\u0644 \u0628\u0627\u0644\u062a\u0645\u062b\u064a\u0644 <strong>\u063a\u0627\u0628\u0648\u0631 \u0643\u0627\u0632\u0633\u064a\u0645\u064a\u0631 \u00a0<\/strong><br \/>\u0627\u0644\u0639\u0646\u0648\u0627\u0646: <strong>Ru\u017eov\u00fd h\u00e1j 937 <\/strong><strong>\u062f\u0648\u0646\u0627\u062c\u0633\u0643\u0627 \u0633\u062a\u0631\u064a\u062f\u0627 929 0<\/strong><\/p><p>\u0627\u062a\u0635\u0644 \u0628\u0640<br \/>\u0627\u0644\u0628\u0631\u064a\u062f \u0627\u0644\u0625\u0644\u0643\u062a\u0631\u0648\u0646\u064a <strong>info@immunodc.com<\/strong><br \/>\u0627\u0644\u0647\u0627\u062a\u0641: <strong>0918 744 983<\/strong><br \/>\u0627\u0644\u0645\u0648\u0642\u0639 \u0627\u0644\u0625\u0644\u0643\u062a\u0631\u0648\u0646\u064a: <strong><a href=\"https:\/\/immunodc.com\/ar\">https:\/\/immunodc.com<\/a><\/strong><\/p><p><strong>\u0627\u0644\u0645\u0633\u0624\u0648\u0644\u064a\u0629 \u0639\u0646 \u0627\u0644\u0645\u062d\u062a\u0648\u0649<\/strong><br \/>\u064a\u062a\u0645 \u0641\u062d\u0635 \u0645\u062d\u062a\u0648\u0649 \u0647\u0630\u0627 \u0627\u0644\u0645\u0648\u0642\u0639 \u0627\u0644\u0625\u0644\u0643\u062a\u0631\u0648\u0646\u064a \u0628\u0639\u0646\u0627\u064a\u0629 \u0648\u062a\u062d\u062f\u064a\u062b\u0647 \u0628\u0627\u0633\u062a\u0645\u0631\u0627\u0631. \u0627\u0644\u0645\u0639\u0644\u0648\u0645\u0627\u062a \u0627\u0644\u0648\u0627\u0631\u062f\u0629 \u0641\u064a \u0647\u0630\u0627 \u0627\u0644\u0645\u0648\u0642\u0639 \u0647\u064a \u0644\u0623\u063a\u0631\u0627\u0636 \u0625\u0639\u0644\u0627\u0645\u064a\u0629 \u0641\u0642\u0637 \u0648\u0644\u0627 \u062a\u0634\u0643\u0644 \u0646\u0635\u064a\u062d\u0629 \u0637\u0628\u064a\u0629 \u0623\u0648 \u0642\u0627\u0646\u0648\u0646\u064a\u0629. \u0644\u0627 \u062a\u062a\u062d\u0645\u0644 \u0634\u0631\u0643\u0629 BOWTRADE s.r.o. \u0627\u0644\u0645\u0633\u0624\u0648\u0644\u064a\u0629 \u0639\u0646 \u0623\u064a \u0623\u062e\u0637\u0627\u0621 \u0645\u0637\u0628\u0639\u064a\u0629 \u0623\u0648 \u0639\u062f\u0645 \u062f\u0642\u0629 \u0623\u0648 \u0633\u0648\u0621 \u062a\u0641\u0633\u064a\u0631 \u0644\u0644\u0645\u062d\u062a\u0648\u0649.<\/p><p><strong>\u0627\u0644\u0631\u0648\u0627\u0628\u0637 \u0627\u0644\u062e\u0627\u0631\u062c\u064a\u0629<\/strong><br \/>\u0642\u062f \u064a\u062d\u062a\u0648\u064a \u0645\u0648\u0642\u0639\u0646\u0627 \u0627\u0644\u0625\u0644\u0643\u062a\u0631\u0648\u0646\u064a \u0639\u0644\u0649 \u0631\u0648\u0627\u0628\u0637 \u0644\u0645\u0648\u0627\u0642\u0639 \u0623\u062e\u0631\u0649 \u062a\u062f\u064a\u0631\u0647\u0627 \u0623\u0637\u0631\u0627\u0641 \u062b\u0627\u0644\u062b\u0629. \u0646\u062d\u0646 \u0644\u0627 \u0646\u062a\u062d\u0645\u0644 \u0623\u064a \u0645\u0633\u0624\u0648\u0644\u064a\u0629 \u0639\u0646 \u0645\u062d\u062a\u0648\u0649 \u0647\u0630\u0647 \u0627\u0644\u0645\u0648\u0627\u0642\u0639. \u0641\u064a \u062c\u0645\u064a\u0639 \u0627\u0644\u062d\u0627\u0644\u0627\u062a\u060c \u064a\u0643\u0648\u0646 \u0645\u0634\u063a\u0644 \u0627\u0644\u0645\u0648\u0627\u0642\u0639 \u0627\u0644\u0645\u0631\u062a\u0628\u0637\u0629 \u0645\u0633\u0624\u0648\u0644\u0627\u064b \u0639\u0646 \u0645\u062d\u062a\u0648\u0649 \u062a\u0644\u0643 \u0627\u0644\u0645\u0648\u0627\u0642\u0639.<\/p><p><strong>\u062d\u0642\u0648\u0642 \u0627\u0644\u0637\u0628\u0639 \u0648\u0627\u0644\u0646\u0634\u0631<\/strong><br \/>\u0625\u0646 \u0627\u0644\u0646\u0635\u0648\u0635 \u0648\u0627\u0644\u0635\u0648\u0631 \u0648\u0627\u0644\u0631\u0633\u0648\u0645\u0627\u062a \u0648\u0627\u0644\u0634\u0639\u0627\u0631\u0627\u062a \u0648\u0627\u0644\u0648\u062b\u0627\u0626\u0642 \u0627\u0644\u0645\u0648\u062c\u0648\u062f\u0629 \u0639\u0644\u0649 \u0647\u0630\u0627 \u0627\u0644\u0645\u0648\u0642\u0639 \u0627\u0644\u0625\u0644\u0643\u062a\u0631\u0648\u0646\u064a \u0647\u064a \u0645\u0644\u0643\u064a\u0629 \u0641\u0643\u0631\u064a\u0629 \u0644\u0634\u0631\u0643\u0629 BOWTRADE s.r.o. \u0648\u0647\u064a \u0645\u062d\u0645\u064a\u0629 \u0628\u0645\u0648\u062c\u0628 \u062d\u0642\u0648\u0642 \u0627\u0644\u0646\u0634\u0631. \u0644\u0627 \u064a\u0645\u0643\u0646 \u0646\u0633\u062e \u0623\u0648 \u0627\u0633\u062a\u0646\u0633\u0627\u062e \u0623\u0648 \u0627\u0633\u062a\u062e\u062f\u0627\u0645 \u0627\u0644\u0645\u062d\u062a\u0648\u064a\u0627\u062a \u0628\u0623\u064a \u0634\u0643\u0644 \u0645\u0646 \u0627\u0644\u0623\u0634\u0643\u0627\u0644 \u0625\u0644\u0627 \u0628\u0625\u0630\u0646 \u062e\u0637\u064a \u0645\u0646 \u0627\u0644\u0645\u0624\u0644\u0641. \u064a\u064f\u0633\u0645\u062d \u0628\u0627\u0644\u0627\u0633\u062a\u062e\u062f\u0627\u0645 \u0627\u0644\u062e\u0627\u0635 \u063a\u064a\u0631 \u0627\u0644\u062a\u062c\u0627\u0631\u064a \u0644\u0644\u0645\u062d\u062a\u0648\u0649.<\/p><p><strong>\u0645\u0646\u0635\u0629 \u062a\u0633\u0648\u064a\u0629 \u0627\u0644\u0645\u0646\u0627\u0632\u0639\u0627\u062a \u0639\u0628\u0631 \u0627\u0644\u0625\u0646\u062a\u0631\u0646\u062a<\/strong><br \/>\u062a\u0648\u0641\u0631 \u0627\u0644\u0645\u0641\u0648\u0636\u064a\u0629 \u0627\u0644\u0623\u0648\u0631\u0648\u0628\u064a\u0629 \u0645\u0646\u0635\u0629 \u0625\u0644\u0643\u062a\u0631\u0648\u0646\u064a\u0629 \u0644\u062a\u0633\u0648\u064a\u0629 \u0627\u0644\u0645\u0646\u0627\u0632\u0639\u0627\u062a \u0639\u0628\u0631 \u0627\u0644\u0625\u0646\u062a\u0631\u0646\u062a\u060c \u064a\u0645\u0643\u0646 \u0627\u0644\u0648\u0635\u0648\u0644 \u0625\u0644\u064a\u0647\u0627 \u0639\u0628\u0631 \u0627\u0644\u0631\u0627\u0628\u0637 \u0627\u0644\u062a\u0627\u0644\u064a:<br \/><a href=\"https:\/\/ec.europa.eu\/consumers\/odr\" rel=\"nofollow\">https:\/\/ec.europa.eu\/consumers\/odr<\/a><br \/>\u0639\u0646\u0648\u0627\u0646 \u0628\u0631\u064a\u062f\u0646\u0627 \u0627\u0644\u0625\u0644\u0643\u062a\u0631\u0648\u0646\u064a \u0645\u062f\u0631\u062c \u0641\u064a \u062a\u0641\u0627\u0635\u064a\u0644 \u0627\u0644\u0627\u062a\u0635\u0627\u0644 \u0623\u0639\u0644\u0627\u0647.<\/p><p><strong>\u062a\u0633\u0648\u064a\u0629 \u0645\u0646\u0627\u0632\u0639\u0627\u062a \u0627\u0644\u0645\u0633\u062a\u0647\u0644\u0643\u064a\u0646<\/strong><br \/>\u0644\u0627 \u062a\u0634\u0627\u0631\u0643 BOWTRADE s.r.o. \u0641\u064a \u0627\u0644\u0625\u062c\u0631\u0627\u0621\u0627\u062a \u0627\u0644\u0628\u062f\u064a\u0644\u0629 \u0644\u062a\u0633\u0648\u064a\u0629 \u0627\u0644\u0645\u0646\u0627\u0632\u0639\u0627\u062a \u0627\u0644\u0645\u062a\u0639\u0644\u0642\u0629 \u0628\u0646\u0632\u0627\u0639\u0627\u062a \u0627\u0644\u0645\u0633\u062a\u0647\u0644\u0643\u064a\u0646 \u0648\u0647\u064a \u063a\u064a\u0631 \u0645\u064f\u0644\u0632\u0645\u0629 \u0628\u0630\u0644\u0643.<\/p>\t\t\t\t\t\t\t\t<\/div>\n\t\t\t\t<\/div>\n\t\t\t\t\t<\/div>\n\t\t\t\t<\/div>\n\t\t\t\t<\/div>","protected":false},"excerpt":{"rendered":"<p>Impresszum \/ Jogi nyilatkozat A weboldal \u00fczemeltet\u0151je: BOWTRADE s.r.o. Teljes n\u00e9v: BOWTRADE s.r.o.Sz\u00e9khely: Ru\u017eov\u00fd h\u00e1j 937 Dunajsk\u00e1 Streda 929 01 Ad\u00f3sz\u00e1m: SK2122 433181C\u00e9gjegyz\u00e9ksz\u00e1m: 56 792 191 Alap\u00edt\u00e1s \u00e9ve: 2025F\u0151tev\u00e9kenys\u00e9g: Adminisztrat\u00edv \u00e9s gazdas\u00e1gi szervez\u00e9si szolg\u00e1ltat\u00e1sok K\u00e9pviseletre jogosult szem\u00e9ly: G\u00e1bor Kazsim\u00e9r \u00a0C\u00edm: Ru\u017eov\u00fd h\u00e1j 937 Dunajsk\u00e1 Streda 929 0 Kapcsolat:E-mail: <a href=\"mailto:info@immunodc.comTelefon\">info@immunodc.comTelefon<\/a>: 0918 744 983Weboldal: <a href=\"https:\/\/immunodc.com\">https:\/\/immunodc.com<\/a> Felel\u0151ss\u00e9g a [&hellip;]<\/p>\n","protected":false},"author":254324096,"featured_media":0,"parent":0,"menu_order":0,"comment_status":"closed","ping_status":"closed","template":"page-templates\/template-pagebuilder-full-width.php","meta":{"footnotes":""},"class_list":["post-7","page","type-page","status-publish","hentry"],"_links":{"self":[{"href":"https:\/\/immunodc.com\/ar\/wp-json\/wp\/v2\/pages\/7","targetHints":{"allow":["GET"]}}],"collection":[{"href":"https:\/\/immunodc.com\/ar\/wp-json\/wp\/v2\/pages"}],"about":[{"href":"https:\/\/immunodc.com\/ar\/wp-json\/wp\/v2\/types\/page"}],"author":[{"embeddable":true,"href":"https:\/\/immunodc.com\/ar\/wp-json\/wp\/v2\/users\/254324096"}],"replies":[{"embeddable":true,"href":"https:\/\/immunodc.com\/ar\/wp-json\/wp\/v2\/comments?post=7"}],"version-history":[{"count":44,"href":"https:\/\/immunodc.com\/ar\/wp-json\/wp\/v2\/pages\/7\/revisions"}],"predecessor-version":[{"id":919,"href":"https:\/\/immunodc.com\/ar\/wp-json\/wp\/v2\/pages\/7\/revisions\/919"}],"wp:attachment":[{"href":"https:\/\/immunodc.com\/ar\/wp-json\/wp\/v2\/media?parent=7"}],"curies":[{"name":"wp","href":"https:\/\/api.w.org\/{rel}","templated":true}]}}